{"id":17885,"date":"2015-04-15T14:00:43","date_gmt":"2015-04-15T12:00:43","guid":{"rendered":"https:\/\/bastide-de-bringairet.com\/buchungsbedingungen\/"},"modified":"2024-11-02T18:17:50","modified_gmt":"2024-11-02T17:17:50","slug":"conditions-de-reservation","status":"publish","type":"page","link":"https:\/\/bastide-de-bringairet.com\/fr\/conditions-de-reservation\/","title":{"rendered":"Conditions de R\u00e9servation"},"content":{"rendered":"<div id=\"cmsmasters_row_18fe6b1029\" class=\"cmsmasters_row cmsmasters_color_scheme_default cmsmasters_row_top_default cmsmasters_row_bot_default cmsmasters_row_boxed\">\n<div class=\"cmsmasters_row_outer_parent\">\n<div class=\"cmsmasters_row_outer\">\n<div class=\"cmsmasters_row_inner\">\n<div class=\"cmsmasters_row_margin\">\n<div id=\"cmsmasters_column_6e02b6924d\" class=\"cmsmasters_column one_first\">\n<div class=\"cmsmasters_column_inner\"><div class=\"cmsmasters_text\">\n<p class=\"p1\">L\u2019appartement choisi sera disponible \u00e0 partir de 16 h le jour de votre arriv\u00e9e jusqu\u2019\u00e0 10 h le jour de votre d\u00e9part. La dur\u00e9e normale d\u2019un s\u00e9jour s\u2019effectue par p\u00e9riodes de 7 jours.<\/p>\n<h2 class=\"p1\">1. Modalit\u00e9s de paiement<\/h2>\n<p class=\"p1\">D\u00e8s la r\u00e9servation, un acompte de 30% du montant de la location devra \u00eatre vers\u00e9. D\u00e8s votre acceptation, il vous sera adress\u00e9 un mod\u00e8le de contrat \u00e0 nous retourner sign\u00e9, ainsi que nos cordonn\u00e9es bancaires vous permettant de nous faire parvenir l\u2019acompte. A r\u00e9ception de cette somme il vous sera adress\u00e9 le contrat d\u00e9finitif. Le solde ainsi que 300 euros de caution seront exigibles le jour de votre arriv\u00e9e, paiement en esp\u00e8ces. (les ch\u00e8ques ainsi que les cartes de cr\u00e9dit ne sont pas accept\u00e9s)<\/p>\n<h2 class=\"p1\">2. Modalit\u00e9s d\u2019annulation<\/h2>\n<p class=\"p1\">En cas d\u2019annulation avant l\u2019entr\u00e9e dans les lieux, l\u2019acompte restera acquis au propri\u00e9taire qui pourra demander le solde du montant du s\u00e9jour si l\u2019annulation intervient moins de 30 jours avant la date pr\u00e9vue d\u2019entr\u00e9e dans les lieux. En cons\u00e9quence nous vous conseillons de souscrire une assurance annulation.<\/p>\n<h2 class=\"p1\">3. Responsabilit\u00e9<\/h2>\n<p class=\"p1\">Le propri\u00e9taire n\u2019engage en rien sa responsabilit\u00e9 pour tous les actes ou accidents provenant du locataire. Toutes d\u00e9gradations et tous d\u00e9g\u00e2ts provenant du locataire seront de la responsabilit\u00e9 civile de ce dernier qui assumera \u00e9galement la responsabilit\u00e9 des personnes qui l\u2019accompagnent. Les d\u00e9g\u00e2ts \u00e9ventuel seront rembours\u00e9s par pr\u00e9l\u00e8vement sur la caution et ult\u00e9rieurement si n\u00e9cessaire aupr\u00e8s de la compagnie d\u2019assurance du locataire qui devra obligatoirement fournir au propri\u00e9taire lors de son entr\u00e9e dans les lieux une attestation d\u2019assurance responsabilit\u00e9 civile (vill\u00e9giature).<\/p>\n<p class=\"p1\">L\u2019ensemble des objets mobiliers composant l\u2019appartement feront l\u2019objet d\u2019un inventaire \u00e9tabli entre les parties lors de l\u2019entr\u00e9e dans les lieux.Le locataire prendra soin de ces objets mobiliers et signalera au propri\u00e9taire toutes d\u00e9gradations effectu\u00e9es qu\u2019il devra r\u00e9parer en remboursant les d\u00e9g\u00e2ts au propri\u00e9taire.<\/p>\n<\/div>\n<\/div><\/div>\n<\/div>\n<\/div>\n<\/div>\n<\/div>\n<\/div>\n\n","protected":false},"excerpt":{"rendered":"","protected":false},"author":1,"featured_media":17786,"parent":0,"menu_order":0,"comment_status":"closed","ping_status":"open","template":"","meta":{"footnotes":""},"class_list":["post-17885","page","type-page","status-publish","has-post-thumbnail","hentry"],"yoast_head":"<!-- This site is optimized with the Yoast SEO plugin v24.7 - https:\/\/yoast.com\/wordpress\/plugins\/seo\/ -->\n<title>Conditions de R\u00e9servation \u2013 Bastide de Bringairet<\/title>\n<meta name=\"description\" content=\"Modalit\u00e9s de paiement \u2013 Modalit\u00e9s d&#039;annulation \u2013 Responsabilit\u00e9 pour la r\u00e9servation de votre appartement dans la Bastide de Bringairet.\" \/>\n<meta name=\"robots\" content=\"index, follow, max-snippet:-1, max-image-preview:large, max-video-preview:-1\" \/>\n<link rel=\"canonical\" href=\"https:\/\/bastide-de-bringairet.com\/fr\/conditions-de-reservation\/\" \/>\n<meta property=\"og:locale\" content=\"fr_FR\" \/>\n<meta property=\"og:type\" content=\"article\" \/>\n<meta property=\"og:title\" content=\"Conditions de R\u00e9servation \u2013 Bastide de Bringairet\" \/>\n<meta property=\"og:description\" content=\"Modalit\u00e9s de paiement \u2013 Modalit\u00e9s d&#039;annulation \u2013 Responsabilit\u00e9 pour la r\u00e9servation de votre appartement dans la Bastide de Bringairet.\" \/>\n<meta property=\"og:url\" content=\"https:\/\/bastide-de-bringairet.com\/fr\/conditions-de-reservation\/\" \/>\n<meta property=\"og:site_name\" content=\"Bastide de Bringairet\" \/>\n<meta property=\"article:modified_time\" content=\"2024-11-02T17:17:50+00:00\" \/>\n<meta property=\"og:image\" content=\"https:\/\/bastide-de-bringairet.com\/wp-content\/uploads\/2024\/10\/Buchungsbedingungen-1-1.jpg\" \/>\n\t<meta property=\"og:image:width\" content=\"1920\" \/>\n\t<meta property=\"og:image:height\" content=\"1080\" \/>\n\t<meta property=\"og:image:type\" content=\"image\/jpeg\" \/>\n<meta name=\"twitter:card\" content=\"summary_large_image\" \/>\n<meta name=\"twitter:label1\" content=\"Dur\u00e9e de lecture estim\u00e9e\" \/>\n\t<meta name=\"twitter:data1\" content=\"2 minutes\" \/>\n<script type=\"application\/ld+json\" class=\"yoast-schema-graph\">{\"@context\":\"https:\/\/schema.org\",\"@graph\":[{\"@type\":\"WebPage\",\"@id\":\"https:\/\/bastide-de-bringairet.com\/fr\/conditions-de-reservation\/\",\"url\":\"https:\/\/bastide-de-bringairet.com\/fr\/conditions-de-reservation\/\",\"name\":\"Conditions de R\u00e9servation \u2013 Bastide de Bringairet\",\"isPartOf\":{\"@id\":\"https:\/\/bastide-de-bringairet.com\/fr\/#website\"},\"primaryImageOfPage\":{\"@id\":\"https:\/\/bastide-de-bringairet.com\/fr\/conditions-de-reservation\/#primaryimage\"},\"image\":{\"@id\":\"https:\/\/bastide-de-bringairet.com\/fr\/conditions-de-reservation\/#primaryimage\"},\"thumbnailUrl\":\"https:\/\/bastide-de-bringairet.com\/wp-content\/uploads\/2024\/10\/Buchungsbedingungen-1-1.jpg\",\"datePublished\":\"2015-04-15T12:00:43+00:00\",\"dateModified\":\"2024-11-02T17:17:50+00:00\",\"description\":\"Modalit\u00e9s de paiement \u2013 Modalit\u00e9s d'annulation \u2013 Responsabilit\u00e9 pour la r\u00e9servation de votre appartement dans la Bastide de Bringairet.\",\"breadcrumb\":{\"@id\":\"https:\/\/bastide-de-bringairet.com\/fr\/conditions-de-reservation\/#breadcrumb\"},\"inLanguage\":\"fr-FR\",\"potentialAction\":[{\"@type\":\"ReadAction\",\"target\":[\"https:\/\/bastide-de-bringairet.com\/fr\/conditions-de-reservation\/\"]}]},{\"@type\":\"ImageObject\",\"inLanguage\":\"fr-FR\",\"@id\":\"https:\/\/bastide-de-bringairet.com\/fr\/conditions-de-reservation\/#primaryimage\",\"url\":\"https:\/\/bastide-de-bringairet.com\/wp-content\/uploads\/2024\/10\/Buchungsbedingungen-1-1.jpg\",\"contentUrl\":\"https:\/\/bastide-de-bringairet.com\/wp-content\/uploads\/2024\/10\/Buchungsbedingungen-1-1.jpg\",\"width\":1920,\"height\":1080,\"caption\":\"Buchungsbedingungen Bastide de Bringairet\"},{\"@type\":\"BreadcrumbList\",\"@id\":\"https:\/\/bastide-de-bringairet.com\/fr\/conditions-de-reservation\/#breadcrumb\",\"itemListElement\":[{\"@type\":\"ListItem\",\"position\":1,\"name\":\"Accueil\",\"item\":\"https:\/\/bastide-de-bringairet.com\/fr\/\"},{\"@type\":\"ListItem\",\"position\":2,\"name\":\"Conditions de R\u00e9servation\"}]},{\"@type\":\"WebSite\",\"@id\":\"https:\/\/bastide-de-bringairet.com\/fr\/#website\",\"url\":\"https:\/\/bastide-de-bringairet.com\/fr\/\",\"name\":\"Bastide de Bringairet\",\"description\":\"Ferienhaus in S\u00fcdfrankreich mieten\",\"publisher\":{\"@id\":\"https:\/\/bastide-de-bringairet.com\/fr\/#organization\"},\"alternateName\":\"Bastide de Bringairet\",\"potentialAction\":[{\"@type\":\"SearchAction\",\"target\":{\"@type\":\"EntryPoint\",\"urlTemplate\":\"https:\/\/bastide-de-bringairet.com\/fr\/?s={search_term_string}\"},\"query-input\":{\"@type\":\"PropertyValueSpecification\",\"valueRequired\":true,\"valueName\":\"search_term_string\"}}],\"inLanguage\":\"fr-FR\"},{\"@type\":\"Organization\",\"@id\":\"https:\/\/bastide-de-bringairet.com\/fr\/#organization\",\"name\":\"Bastide de Bringairet\",\"url\":\"https:\/\/bastide-de-bringairet.com\/fr\/\",\"logo\":{\"@type\":\"ImageObject\",\"inLanguage\":\"fr-FR\",\"@id\":\"https:\/\/bastide-de-bringairet.com\/fr\/#\/schema\/logo\/image\/\",\"url\":\"https:\/\/bastide-de-bringairet.com\/wp-content\/uploads\/2024\/10\/Logo-Bastide-klein.jpg\",\"contentUrl\":\"https:\/\/bastide-de-bringairet.com\/wp-content\/uploads\/2024\/10\/Logo-Bastide-klein.jpg\",\"width\":400,\"height\":140,\"caption\":\"Bastide de Bringairet\"},\"image\":{\"@id\":\"https:\/\/bastide-de-bringairet.com\/fr\/#\/schema\/logo\/image\/\"}}]}<\/script>\n<!-- \/ Yoast SEO plugin. -->","yoast_head_json":{"title":"Conditions de R\u00e9servation \u2013 Bastide de Bringairet","description":"Modalit\u00e9s de paiement \u2013 Modalit\u00e9s d'annulation \u2013 Responsabilit\u00e9 pour la r\u00e9servation de votre appartement dans la Bastide de Bringairet.","robots":{"index":"index","follow":"follow","max-snippet":"max-snippet:-1","max-image-preview":"max-image-preview:large","max-video-preview":"max-video-preview:-1"},"canonical":"https:\/\/bastide-de-bringairet.com\/fr\/conditions-de-reservation\/","og_locale":"fr_FR","og_type":"article","og_title":"Conditions de R\u00e9servation \u2013 Bastide de Bringairet","og_description":"Modalit\u00e9s de paiement \u2013 Modalit\u00e9s d'annulation \u2013 Responsabilit\u00e9 pour la r\u00e9servation de votre appartement dans la Bastide de Bringairet.","og_url":"https:\/\/bastide-de-bringairet.com\/fr\/conditions-de-reservation\/","og_site_name":"Bastide de Bringairet","article_modified_time":"2024-11-02T17:17:50+00:00","og_image":[{"width":1920,"height":1080,"url":"https:\/\/bastide-de-bringairet.com\/wp-content\/uploads\/2024\/10\/Buchungsbedingungen-1-1.jpg","type":"image\/jpeg"}],"twitter_card":"summary_large_image","twitter_misc":{"Dur\u00e9e de lecture estim\u00e9e":"2 minutes"},"schema":{"@context":"https:\/\/schema.org","@graph":[{"@type":"WebPage","@id":"https:\/\/bastide-de-bringairet.com\/fr\/conditions-de-reservation\/","url":"https:\/\/bastide-de-bringairet.com\/fr\/conditions-de-reservation\/","name":"Conditions de R\u00e9servation \u2013 Bastide de Bringairet","isPartOf":{"@id":"https:\/\/bastide-de-bringairet.com\/fr\/#website"},"primaryImageOfPage":{"@id":"https:\/\/bastide-de-bringairet.com\/fr\/conditions-de-reservation\/#primaryimage"},"image":{"@id":"https:\/\/bastide-de-bringairet.com\/fr\/conditions-de-reservation\/#primaryimage"},"thumbnailUrl":"https:\/\/bastide-de-bringairet.com\/wp-content\/uploads\/2024\/10\/Buchungsbedingungen-1-1.jpg","datePublished":"2015-04-15T12:00:43+00:00","dateModified":"2024-11-02T17:17:50+00:00","description":"Modalit\u00e9s de paiement \u2013 Modalit\u00e9s d'annulation \u2013 Responsabilit\u00e9 pour la r\u00e9servation de votre appartement dans la Bastide de Bringairet.","breadcrumb":{"@id":"https:\/\/bastide-de-bringairet.com\/fr\/conditions-de-reservation\/#breadcrumb"},"inLanguage":"fr-FR","potentialAction":[{"@type":"ReadAction","target":["https:\/\/bastide-de-bringairet.com\/fr\/conditions-de-reservation\/"]}]},{"@type":"ImageObject","inLanguage":"fr-FR","@id":"https:\/\/bastide-de-bringairet.com\/fr\/conditions-de-reservation\/#primaryimage","url":"https:\/\/bastide-de-bringairet.com\/wp-content\/uploads\/2024\/10\/Buchungsbedingungen-1-1.jpg","contentUrl":"https:\/\/bastide-de-bringairet.com\/wp-content\/uploads\/2024\/10\/Buchungsbedingungen-1-1.jpg","width":1920,"height":1080,"caption":"Buchungsbedingungen Bastide de Bringairet"},{"@type":"BreadcrumbList","@id":"https:\/\/bastide-de-bringairet.com\/fr\/conditions-de-reservation\/#breadcrumb","itemListElement":[{"@type":"ListItem","position":1,"name":"Accueil","item":"https:\/\/bastide-de-bringairet.com\/fr\/"},{"@type":"ListItem","position":2,"name":"Conditions de R\u00e9servation"}]},{"@type":"WebSite","@id":"https:\/\/bastide-de-bringairet.com\/fr\/#website","url":"https:\/\/bastide-de-bringairet.com\/fr\/","name":"Bastide de Bringairet","description":"Ferienhaus in S\u00fcdfrankreich mieten","publisher":{"@id":"https:\/\/bastide-de-bringairet.com\/fr\/#organization"},"alternateName":"Bastide de Bringairet","potentialAction":[{"@type":"SearchAction","target":{"@type":"EntryPoint","urlTemplate":"https:\/\/bastide-de-bringairet.com\/fr\/?s={search_term_string}"},"query-input":{"@type":"PropertyValueSpecification","valueRequired":true,"valueName":"search_term_string"}}],"inLanguage":"fr-FR"},{"@type":"Organization","@id":"https:\/\/bastide-de-bringairet.com\/fr\/#organization","name":"Bastide de Bringairet","url":"https:\/\/bastide-de-bringairet.com\/fr\/","logo":{"@type":"ImageObject","inLanguage":"fr-FR","@id":"https:\/\/bastide-de-bringairet.com\/fr\/#\/schema\/logo\/image\/","url":"https:\/\/bastide-de-bringairet.com\/wp-content\/uploads\/2024\/10\/Logo-Bastide-klein.jpg","contentUrl":"https:\/\/bastide-de-bringairet.com\/wp-content\/uploads\/2024\/10\/Logo-Bastide-klein.jpg","width":400,"height":140,"caption":"Bastide de Bringairet"},"image":{"@id":"https:\/\/bastide-de-bringairet.com\/fr\/#\/schema\/logo\/image\/"}}]}},"_links":{"self":[{"href":"https:\/\/bastide-de-bringairet.com\/fr\/wp-json\/wp\/v2\/pages\/17885","targetHints":{"allow":["GET"]}}],"collection":[{"href":"https:\/\/bastide-de-bringairet.com\/fr\/wp-json\/wp\/v2\/pages"}],"about":[{"href":"https:\/\/bastide-de-bringairet.com\/fr\/wp-json\/wp\/v2\/types\/page"}],"author":[{"embeddable":true,"href":"https:\/\/bastide-de-bringairet.com\/fr\/wp-json\/wp\/v2\/users\/1"}],"replies":[{"embeddable":true,"href":"https:\/\/bastide-de-bringairet.com\/fr\/wp-json\/wp\/v2\/comments?post=17885"}],"version-history":[{"count":2,"href":"https:\/\/bastide-de-bringairet.com\/fr\/wp-json\/wp\/v2\/pages\/17885\/revisions"}],"predecessor-version":[{"id":18040,"href":"https:\/\/bastide-de-bringairet.com\/fr\/wp-json\/wp\/v2\/pages\/17885\/revisions\/18040"}],"wp:featuredmedia":[{"embeddable":true,"href":"https:\/\/bastide-de-bringairet.com\/fr\/wp-json\/wp\/v2\/media\/17786"}],"wp:attachment":[{"href":"https:\/\/bastide-de-bringairet.com\/fr\/wp-json\/wp\/v2\/media?parent=17885"}],"curies":[{"name":"wp","href":"https:\/\/api.w.org\/{rel}","templated":true}]}}