{"id":17861,"date":"2015-04-16T11:05:18","date_gmt":"2015-04-16T09:05:18","guid":{"rendered":"https:\/\/bastide-de-bringairet.com\/lage-anfahrt\/"},"modified":"2024-11-02T17:55:55","modified_gmt":"2024-11-02T16:55:55","slug":"situation-et-access","status":"publish","type":"page","link":"https:\/\/bastide-de-bringairet.com\/fr\/situation-et-access\/","title":{"rendered":"Situation et access"},"content":{"rendered":"<div id=\"cmsmasters_row_c7eb12419d\" class=\"cmsmasters_row cmsmasters_color_scheme_default cmsmasters_row_top_default cmsmasters_row_bot_default cmsmasters_row_boxed\">\n<div class=\"cmsmasters_row_outer_parent\">\n<div class=\"cmsmasters_row_outer\">\n<div class=\"cmsmasters_row_inner\">\n<div class=\"cmsmasters_row_margin\">\n<div id=\"cmsmasters_column_bb34305ae8\" class=\"cmsmasters_column one_first\">\n<div class=\"cmsmasters_column_inner\"><div class=\"cmsmasters_text\">\n<p class=\"p1\">La Bastide de Bringa\u00efret se situe au c\u0153ur du Massif de la Clape \u00e0 400 m\u00e8tres de la route d\u00e9partementale D 168 reliant sur 14 Kilom\u00e8tres la Ville de Narbonne de sa plage d\u00e9nomm\u00e9e Narbonne-Plage \u00e0 \u00e9gale distance (7 kilom\u00e8tres) entre ces deux localit\u00e9s (chacune accessible en 10 minutes en voiture).<\/p>\n<p class=\"p1\">Elle est particuli\u00e8rement facile d\u2019acc\u00e8s par v\u00e9hicule automobile, train, avion. La station ferroviaire la plus proche se situe \u00e0 Narbonne et les a\u00e9roports de B\u00e9ziers, Carcassonne, Perpignan et Montpellier sont distants de 30 \u00e0 90 kilom\u00e8tres.<\/p>\n<p class=\"p1\">La fronti\u00e8re espagnole est distante de moins de 100 kilom\u00e8tres par autoroute et Barcelone est \u00e0 2 heures.<\/p>\n<p class=\"p2\"><a href=\"https:\/\/bastide-de-bringairet.com\/fr\/le-massif-de-la-clape\/\"><span class=\"s1\">Plus d&rsquo;informations sur la r\u00e9gion La Clape et Narbonne<\/span><\/a>.<\/p>\n<\/div>\n<\/div><\/div>\n<\/div>\n<\/div>\n<\/div>\n<\/div>\n<\/div>\n<div id=\"cmsmasters_row_f7f7757b40\" class=\"cmsmasters_row cmsmasters_color_scheme_default cmsmasters_row_top_default cmsmasters_row_bot_default cmsmasters_row_fullwidth\">\n<div class=\"cmsmasters_row_outer_parent\">\n<div class=\"cmsmasters_row_outer\">\n<div class=\"cmsmasters_row_inner cmsmasters_row_fullwidth\">\n<div class=\"cmsmasters_row_margin\">\n<div id=\"cmsmasters_column_7f26941375\" class=\"cmsmasters_column one_first\">\n<div class=\"cmsmasters_column_inner\"><div id=\"google_map_521f743fd2\" class=\"cmsmasters_google_map google_map\" data-address=\"\" data-maptype=\"ROADMAP\" data-zoom=\"15\" data-scrollwheel=\"true\" data-doubleclickzoom=\"true\" data-pan-control=\"true\" data-zoom-control=\"true\" data-map-type-control=\"true\" data-scale-control=\"true\" data-street-view-control=\"true\" data-overview-map-control=\"true\" data-markers=\"address: Bastide de, 11110 Armissan, Frankreich\/\/\/|||\"><\/div>\n<\/div><\/div>\n<\/div>\n<\/div>\n<\/div>\n<\/div>\n<\/div>\n\n","protected":false},"excerpt":{"rendered":"","protected":false},"author":1,"featured_media":17732,"parent":0,"menu_order":0,"comment_status":"closed","ping_status":"open","template":"","meta":{"footnotes":""},"class_list":["post-17861","page","type-page","status-publish","has-post-thumbnail","hentry"],"yoast_head":"<!-- This site is optimized with the Yoast SEO plugin v24.7 - https:\/\/yoast.com\/wordpress\/plugins\/seo\/ -->\n<title>Situation et access \u2013 Bastide de Bringairet<\/title>\n<meta name=\"description\" content=\"Die Lage unseres Landhauses und Anfahrtsbeschreibung. Ihr Weg zu uns: Bastide de Bringairet, 11110 Armissan, Frankreich.\" \/>\n<meta name=\"robots\" content=\"index, follow, max-snippet:-1, max-image-preview:large, max-video-preview:-1\" \/>\n<link rel=\"canonical\" href=\"https:\/\/bastide-de-bringairet.com\/fr\/situation-et-access\/\" \/>\n<meta property=\"og:locale\" content=\"fr_FR\" \/>\n<meta property=\"og:type\" content=\"article\" \/>\n<meta property=\"og:title\" content=\"Situation et access \u2013 Bastide de Bringairet\" \/>\n<meta property=\"og:description\" content=\"Die Lage unseres Landhauses und Anfahrtsbeschreibung. Ihr Weg zu uns: Bastide de Bringairet, 11110 Armissan, Frankreich.\" \/>\n<meta property=\"og:url\" content=\"https:\/\/bastide-de-bringairet.com\/fr\/situation-et-access\/\" \/>\n<meta property=\"og:site_name\" content=\"Bastide de Bringairet\" \/>\n<meta property=\"article:modified_time\" content=\"2024-11-02T16:55:55+00:00\" \/>\n<meta property=\"og:image\" content=\"https:\/\/bastide-de-bringairet.com\/wp-content\/uploads\/2024\/10\/Bringairet-1.jpg\" \/>\n\t<meta property=\"og:image:width\" content=\"1920\" \/>\n\t<meta property=\"og:image:height\" content=\"1080\" \/>\n\t<meta property=\"og:image:type\" content=\"image\/jpeg\" \/>\n<meta name=\"twitter:card\" content=\"summary_large_image\" \/>\n<meta name=\"twitter:label1\" content=\"Dur\u00e9e de lecture estim\u00e9e\" \/>\n\t<meta name=\"twitter:data1\" content=\"2 minutes\" \/>\n<script type=\"application\/ld+json\" class=\"yoast-schema-graph\">{\"@context\":\"https:\/\/schema.org\",\"@graph\":[{\"@type\":\"WebPage\",\"@id\":\"https:\/\/bastide-de-bringairet.com\/fr\/situation-et-access\/\",\"url\":\"https:\/\/bastide-de-bringairet.com\/fr\/situation-et-access\/\",\"name\":\"Situation et access \u2013 Bastide de Bringairet\",\"isPartOf\":{\"@id\":\"https:\/\/bastide-de-bringairet.com\/fr\/#website\"},\"primaryImageOfPage\":{\"@id\":\"https:\/\/bastide-de-bringairet.com\/fr\/situation-et-access\/#primaryimage\"},\"image\":{\"@id\":\"https:\/\/bastide-de-bringairet.com\/fr\/situation-et-access\/#primaryimage\"},\"thumbnailUrl\":\"https:\/\/bastide-de-bringairet.com\/wp-content\/uploads\/2024\/10\/Bringairet-1.jpg\",\"datePublished\":\"2015-04-16T09:05:18+00:00\",\"dateModified\":\"2024-11-02T16:55:55+00:00\",\"description\":\"Die Lage unseres Landhauses und Anfahrtsbeschreibung. Ihr Weg zu uns: Bastide de Bringairet, 11110 Armissan, Frankreich.\",\"breadcrumb\":{\"@id\":\"https:\/\/bastide-de-bringairet.com\/fr\/situation-et-access\/#breadcrumb\"},\"inLanguage\":\"fr-FR\",\"potentialAction\":[{\"@type\":\"ReadAction\",\"target\":[\"https:\/\/bastide-de-bringairet.com\/fr\/situation-et-access\/\"]}]},{\"@type\":\"ImageObject\",\"inLanguage\":\"fr-FR\",\"@id\":\"https:\/\/bastide-de-bringairet.com\/fr\/situation-et-access\/#primaryimage\",\"url\":\"https:\/\/bastide-de-bringairet.com\/wp-content\/uploads\/2024\/10\/Bringairet-1.jpg\",\"contentUrl\":\"https:\/\/bastide-de-bringairet.com\/wp-content\/uploads\/2024\/10\/Bringairet-1.jpg\",\"width\":1920,\"height\":1080},{\"@type\":\"BreadcrumbList\",\"@id\":\"https:\/\/bastide-de-bringairet.com\/fr\/situation-et-access\/#breadcrumb\",\"itemListElement\":[{\"@type\":\"ListItem\",\"position\":1,\"name\":\"Accueil\",\"item\":\"https:\/\/bastide-de-bringairet.com\/fr\/\"},{\"@type\":\"ListItem\",\"position\":2,\"name\":\"Situation et access\"}]},{\"@type\":\"WebSite\",\"@id\":\"https:\/\/bastide-de-bringairet.com\/fr\/#website\",\"url\":\"https:\/\/bastide-de-bringairet.com\/fr\/\",\"name\":\"Bastide de Bringairet\",\"description\":\"Ferienhaus in S\u00fcdfrankreich mieten\",\"publisher\":{\"@id\":\"https:\/\/bastide-de-bringairet.com\/fr\/#organization\"},\"alternateName\":\"Bastide de Bringairet\",\"potentialAction\":[{\"@type\":\"SearchAction\",\"target\":{\"@type\":\"EntryPoint\",\"urlTemplate\":\"https:\/\/bastide-de-bringairet.com\/fr\/?s={search_term_string}\"},\"query-input\":{\"@type\":\"PropertyValueSpecification\",\"valueRequired\":true,\"valueName\":\"search_term_string\"}}],\"inLanguage\":\"fr-FR\"},{\"@type\":\"Organization\",\"@id\":\"https:\/\/bastide-de-bringairet.com\/fr\/#organization\",\"name\":\"Bastide de Bringairet\",\"url\":\"https:\/\/bastide-de-bringairet.com\/fr\/\",\"logo\":{\"@type\":\"ImageObject\",\"inLanguage\":\"fr-FR\",\"@id\":\"https:\/\/bastide-de-bringairet.com\/fr\/#\/schema\/logo\/image\/\",\"url\":\"https:\/\/bastide-de-bringairet.com\/wp-content\/uploads\/2024\/10\/Logo-Bastide-klein.jpg\",\"contentUrl\":\"https:\/\/bastide-de-bringairet.com\/wp-content\/uploads\/2024\/10\/Logo-Bastide-klein.jpg\",\"width\":400,\"height\":140,\"caption\":\"Bastide de Bringairet\"},\"image\":{\"@id\":\"https:\/\/bastide-de-bringairet.com\/fr\/#\/schema\/logo\/image\/\"}}]}<\/script>\n<!-- \/ Yoast SEO plugin. -->","yoast_head_json":{"title":"Situation et access \u2013 Bastide de Bringairet","description":"Die Lage unseres Landhauses und Anfahrtsbeschreibung. Ihr Weg zu uns: Bastide de Bringairet, 11110 Armissan, Frankreich.","robots":{"index":"index","follow":"follow","max-snippet":"max-snippet:-1","max-image-preview":"max-image-preview:large","max-video-preview":"max-video-preview:-1"},"canonical":"https:\/\/bastide-de-bringairet.com\/fr\/situation-et-access\/","og_locale":"fr_FR","og_type":"article","og_title":"Situation et access \u2013 Bastide de Bringairet","og_description":"Die Lage unseres Landhauses und Anfahrtsbeschreibung. Ihr Weg zu uns: Bastide de Bringairet, 11110 Armissan, Frankreich.","og_url":"https:\/\/bastide-de-bringairet.com\/fr\/situation-et-access\/","og_site_name":"Bastide de Bringairet","article_modified_time":"2024-11-02T16:55:55+00:00","og_image":[{"width":1920,"height":1080,"url":"https:\/\/bastide-de-bringairet.com\/wp-content\/uploads\/2024\/10\/Bringairet-1.jpg","type":"image\/jpeg"}],"twitter_card":"summary_large_image","twitter_misc":{"Dur\u00e9e de lecture estim\u00e9e":"2 minutes"},"schema":{"@context":"https:\/\/schema.org","@graph":[{"@type":"WebPage","@id":"https:\/\/bastide-de-bringairet.com\/fr\/situation-et-access\/","url":"https:\/\/bastide-de-bringairet.com\/fr\/situation-et-access\/","name":"Situation et access \u2013 Bastide de Bringairet","isPartOf":{"@id":"https:\/\/bastide-de-bringairet.com\/fr\/#website"},"primaryImageOfPage":{"@id":"https:\/\/bastide-de-bringairet.com\/fr\/situation-et-access\/#primaryimage"},"image":{"@id":"https:\/\/bastide-de-bringairet.com\/fr\/situation-et-access\/#primaryimage"},"thumbnailUrl":"https:\/\/bastide-de-bringairet.com\/wp-content\/uploads\/2024\/10\/Bringairet-1.jpg","datePublished":"2015-04-16T09:05:18+00:00","dateModified":"2024-11-02T16:55:55+00:00","description":"Die Lage unseres Landhauses und Anfahrtsbeschreibung. Ihr Weg zu uns: Bastide de Bringairet, 11110 Armissan, Frankreich.","breadcrumb":{"@id":"https:\/\/bastide-de-bringairet.com\/fr\/situation-et-access\/#breadcrumb"},"inLanguage":"fr-FR","potentialAction":[{"@type":"ReadAction","target":["https:\/\/bastide-de-bringairet.com\/fr\/situation-et-access\/"]}]},{"@type":"ImageObject","inLanguage":"fr-FR","@id":"https:\/\/bastide-de-bringairet.com\/fr\/situation-et-access\/#primaryimage","url":"https:\/\/bastide-de-bringairet.com\/wp-content\/uploads\/2024\/10\/Bringairet-1.jpg","contentUrl":"https:\/\/bastide-de-bringairet.com\/wp-content\/uploads\/2024\/10\/Bringairet-1.jpg","width":1920,"height":1080},{"@type":"BreadcrumbList","@id":"https:\/\/bastide-de-bringairet.com\/fr\/situation-et-access\/#breadcrumb","itemListElement":[{"@type":"ListItem","position":1,"name":"Accueil","item":"https:\/\/bastide-de-bringairet.com\/fr\/"},{"@type":"ListItem","position":2,"name":"Situation et access"}]},{"@type":"WebSite","@id":"https:\/\/bastide-de-bringairet.com\/fr\/#website","url":"https:\/\/bastide-de-bringairet.com\/fr\/","name":"Bastide de Bringairet","description":"Ferienhaus in S\u00fcdfrankreich mieten","publisher":{"@id":"https:\/\/bastide-de-bringairet.com\/fr\/#organization"},"alternateName":"Bastide de Bringairet","potentialAction":[{"@type":"SearchAction","target":{"@type":"EntryPoint","urlTemplate":"https:\/\/bastide-de-bringairet.com\/fr\/?s={search_term_string}"},"query-input":{"@type":"PropertyValueSpecification","valueRequired":true,"valueName":"search_term_string"}}],"inLanguage":"fr-FR"},{"@type":"Organization","@id":"https:\/\/bastide-de-bringairet.com\/fr\/#organization","name":"Bastide de Bringairet","url":"https:\/\/bastide-de-bringairet.com\/fr\/","logo":{"@type":"ImageObject","inLanguage":"fr-FR","@id":"https:\/\/bastide-de-bringairet.com\/fr\/#\/schema\/logo\/image\/","url":"https:\/\/bastide-de-bringairet.com\/wp-content\/uploads\/2024\/10\/Logo-Bastide-klein.jpg","contentUrl":"https:\/\/bastide-de-bringairet.com\/wp-content\/uploads\/2024\/10\/Logo-Bastide-klein.jpg","width":400,"height":140,"caption":"Bastide de Bringairet"},"image":{"@id":"https:\/\/bastide-de-bringairet.com\/fr\/#\/schema\/logo\/image\/"}}]}},"_links":{"self":[{"href":"https:\/\/bastide-de-bringairet.com\/fr\/wp-json\/wp\/v2\/pages\/17861","targetHints":{"allow":["GET"]}}],"collection":[{"href":"https:\/\/bastide-de-bringairet.com\/fr\/wp-json\/wp\/v2\/pages"}],"about":[{"href":"https:\/\/bastide-de-bringairet.com\/fr\/wp-json\/wp\/v2\/types\/page"}],"author":[{"embeddable":true,"href":"https:\/\/bastide-de-bringairet.com\/fr\/wp-json\/wp\/v2\/users\/1"}],"replies":[{"embeddable":true,"href":"https:\/\/bastide-de-bringairet.com\/fr\/wp-json\/wp\/v2\/comments?post=17861"}],"version-history":[{"count":2,"href":"https:\/\/bastide-de-bringairet.com\/fr\/wp-json\/wp\/v2\/pages\/17861\/revisions"}],"predecessor-version":[{"id":18037,"href":"https:\/\/bastide-de-bringairet.com\/fr\/wp-json\/wp\/v2\/pages\/17861\/revisions\/18037"}],"wp:featuredmedia":[{"embeddable":true,"href":"https:\/\/bastide-de-bringairet.com\/fr\/wp-json\/wp\/v2\/media\/17732"}],"wp:attachment":[{"href":"https:\/\/bastide-de-bringairet.com\/fr\/wp-json\/wp\/v2\/media?parent=17861"}],"curies":[{"name":"wp","href":"https:\/\/api.w.org\/{rel}","templated":true}]}}