{"id":17837,"date":"2015-12-02T10:17:13","date_gmt":"2015-12-02T09:17:13","guid":{"rendered":"https:\/\/bastide-de-bringairet.com\/ferienwohnungen\/"},"modified":"2024-11-07T16:09:11","modified_gmt":"2024-11-07T15:09:11","slug":"appartements","status":"publish","type":"page","link":"https:\/\/bastide-de-bringairet.com\/fr\/appartements\/","title":{"rendered":"Nos appartements"},"content":{"rendered":"<div id=\"cmsmasters_row_7d823c4a4c\" class=\"cmsmasters_row cmsmasters_color_scheme_default cmsmasters_row_top_default cmsmasters_row_bot_default cmsmasters_row_boxed\">\n<div class=\"cmsmasters_row_outer_parent\">\n<div class=\"cmsmasters_row_outer\">\n<div class=\"cmsmasters_row_inner\">\n<div class=\"cmsmasters_row_margin\">\n<div id=\"cmsmasters_column_521fedf2fb\" class=\"cmsmasters_column one_first\">\n<div class=\"cmsmasters_column_inner\"><div id=\"cmsmasters_heading_39433f6d81\" class=\"cmsmasters_heading_wrap cmsmasters_heading_align_center\">\n\t<h3 class=\"cmsmasters_heading\">Nos<\/h3>\n<\/div><div id=\"cmsmasters_heading_c3bb342a81\" class=\"cmsmasters_heading_wrap cmsmasters_heading_align_center\">\n\t<h2 class=\"cmsmasters_heading\">Appartements<\/h2>\n<\/div>\n<div id=\"portfolio_b216c748a3\" class=\"cmsmasters_wrap_portfolio entry-summary\" data-layout=\"grid\" data-layout-mode=\"perfect\" data-url=\"https:\/\/bastide-de-bringairet.com\/wp-content\/plugins\/cmsmasters-content-composer\/\" data-orderby=\"title\" data-order=\"ASC\" data-count=\"2\" data-categories=\"wlan\" data-metadata=\"title,price\"><div class=\"portfolio grid large_gap perfect cmsmasters_2\"><!-- Start Project Grid Article -->\r\n<article id=\"post-17874\" class=\"cmsmasters_project_grid post-17874 project type-project status-publish format-standard has-post-thumbnail hentry pj-categs-machine-a-laver pj-categs-parking-fr pj-categs-piscine pj-categs-tv-fr pj-categs-wi-fi\" data-category=\"machine-a-laver parking-fr piscine tv-fr wi-fi\">\r\n\t<div class=\"project_outer\">\r\n\t<div class=\"project_img_wrap\"><figure class=\"cmsmasters_img_rollover_wrap preloader\"><img loading=\"lazy\" decoding=\"async\" width=\"580\" height=\"420\" src=\"https:\/\/bastide-de-bringairet.com\/wp-content\/uploads\/2017\/05\/Harmonie-8-580x420.jpg\" class=\"full-width wp-post-image\" alt=\"Appartement Harmonie\" title=\"Apartment Harmonie \u2013 Bastide de Bringairet\" \/><a href=\"https:\/\/bastide-de-bringairet.com\/fr\/appartement\/appartement-harmonie\/\" title=\"Appartement Harmonie\" class=\"cmsmasters_open_link\"><\/a><\/figure><\/div><header class=\"cmsmasters_project_header entry-header\"><h3 class=\"cmsmasters_project_title entry-title\"><a href=\"https:\/\/bastide-de-bringairet.com\/fr\/appartement\/appartement-harmonie\/\">Appartement Harmonie<\/a><\/h3><\/header><div class=\"cmsmasters_project_cont_info_wrapper\"><span class=\"cmsmasters_project_price\">\u00e0 partir de 1400.- \u20ac \/ par semaine<\/span><\/div><span class=\"dn meta-date\">20170522100445<\/span>\t<\/div>\r\n<\/article>\r\n<!-- Finish Project Grid Article -->\r\n\r\n<!-- Start Project Grid Article -->\r\n<article id=\"post-17872\" class=\"cmsmasters_project_grid post-17872 project type-project status-publish format-standard has-post-thumbnail hentry pj-categs-machine-a-laver pj-categs-parking-fr pj-categs-piscine pj-categs-tv-fr pj-categs-wi-fi\" data-category=\"machine-a-laver parking-fr piscine tv-fr wi-fi\">\r\n\t<div class=\"project_outer\">\r\n\t<div class=\"project_img_wrap\"><figure class=\"cmsmasters_img_rollover_wrap preloader\"><img loading=\"lazy\" decoding=\"async\" width=\"580\" height=\"420\" src=\"https:\/\/bastide-de-bringairet.com\/wp-content\/uploads\/2017\/05\/Serenite-4-580x420.jpg\" class=\"full-width wp-post-image\" alt=\"Apartment S\u00e9r\u00e9nit\u00e9, Bastide de Bringairet, Armissan, Frankreich\" title=\"Apartment S\u00e9r\u00e9nit\u00e9, Bastide de Bringairet, Armissan, Frankreich\" \/><a href=\"https:\/\/bastide-de-bringairet.com\/fr\/appartement\/appartement-serenite\/\" title=\"Appartement S\u00e9r\u00e9nit\u00e9\" class=\"cmsmasters_open_link\"><\/a><\/figure><\/div><header class=\"cmsmasters_project_header entry-header\"><h3 class=\"cmsmasters_project_title entry-title\"><a href=\"https:\/\/bastide-de-bringairet.com\/fr\/appartement\/appartement-serenite\/\">Appartement S\u00e9r\u00e9nit\u00e9<\/a><\/h3><\/header><div class=\"cmsmasters_project_cont_info_wrapper\"><span class=\"cmsmasters_project_price\">\u00e0 partir de 1000.- \u20ac \/ par semaine<\/span><\/div><span class=\"dn meta-date\">20170522101015<\/span>\t<\/div>\r\n<\/article>\r\n<!-- Finish Project Grid Article -->\r\n\r\n<\/div><\/div>\n<\/div><\/div>\n<\/div>\n<\/div>\n<\/div>\n<\/div>\n<\/div>\n<div id=\"cmsmasters_row_etps3j28\" class=\"cmsmasters_row cmsmasters_color_scheme_default cmsmasters_row_top_default cmsmasters_row_bot_default cmsmasters_row_boxed\">\n<div class=\"cmsmasters_row_outer_parent\">\n<div class=\"cmsmasters_row_overlay\"><\/div>\n<div class=\"cmsmasters_row_outer\">\n<div class=\"cmsmasters_row_inner\">\n<div class=\"cmsmasters_row_margin\">\n<div id=\"cmsmasters_column_4iwpv5oqzl\" class=\"cmsmasters_column one_first\">\n<div class=\"cmsmasters_column_inner\"><div id=\"cmsmasters_heading_zkhber0lf\" class=\"cmsmasters_heading_wrap cmsmasters_heading_align_left\">\n\t<h3 class=\"cmsmasters_heading\">Appartement<\/h3>\n<\/div><div id=\"cmsmasters_heading_uws2nmvkkp\" class=\"cmsmasters_heading_wrap cmsmasters_heading_align_left\">\n\t<h2 class=\"cmsmasters_heading\">R\u00e9server maintenant<\/h2>\n<\/div><div id=\"cmsmasters_heading_34z09nze4\" class=\"cmsmasters_heading_wrap cmsmasters_heading_align_left\">\n\t<h3 class=\"cmsmasters_heading\"><a href=\"https:\/\/bastide-de-bringairet.com\/fr\/demande-de-reservation\/\">Demande de r\u00e9servation<\/a><\/h3>\n<\/div>\n<\/div><\/div>\n<\/div>\n<\/div>\n<\/div>\n<\/div>\n<\/div>\n\n","protected":false},"excerpt":{"rendered":"","protected":false},"author":1,"featured_media":17668,"parent":0,"menu_order":0,"comment_status":"closed","ping_status":"closed","template":"","meta":{"footnotes":""},"class_list":["post-17837","page","type-page","status-publish","has-post-thumbnail","hentry"],"yoast_head":"<!-- This site is optimized with the Yoast SEO plugin v24.7 - https:\/\/yoast.com\/wordpress\/plugins\/seo\/ -->\n<title>Nos appartements \u2013 Bastide de Bringairet<\/title>\n<meta name=\"description\" content=\"R\u00e9servez d\u00e8s maintenant votre appartement dans la Bastide de Bringairet \u00e1 Armissan, Languedoc-Roussillon, Sud de la France.\" \/>\n<meta name=\"robots\" content=\"index, follow, max-snippet:-1, max-image-preview:large, max-video-preview:-1\" \/>\n<link rel=\"canonical\" href=\"https:\/\/bastide-de-bringairet.com\/fr\/appartements\/\" \/>\n<meta property=\"og:locale\" content=\"fr_FR\" \/>\n<meta property=\"og:type\" content=\"article\" \/>\n<meta property=\"og:title\" content=\"Nos appartements \u2013 Bastide de Bringairet\" \/>\n<meta property=\"og:description\" content=\"R\u00e9servez d\u00e8s maintenant votre appartement dans la Bastide de Bringairet \u00e1 Armissan, Languedoc-Roussillon, Sud de la France.\" \/>\n<meta property=\"og:url\" content=\"https:\/\/bastide-de-bringairet.com\/fr\/appartements\/\" \/>\n<meta property=\"og:site_name\" content=\"Bastide de Bringairet\" \/>\n<meta property=\"article:modified_time\" content=\"2024-11-07T15:09:11+00:00\" \/>\n<meta property=\"og:image\" content=\"https:\/\/bastide-de-bringairet.com\/wp-content\/uploads\/2024\/10\/Bastide-de-Bringairet-Slider-2.jpg\" \/>\n\t<meta property=\"og:image:width\" content=\"1920\" \/>\n\t<meta property=\"og:image:height\" content=\"1080\" \/>\n\t<meta property=\"og:image:type\" content=\"image\/jpeg\" \/>\n<meta name=\"twitter:card\" content=\"summary_large_image\" \/>\n<meta name=\"twitter:label1\" content=\"Dur\u00e9e de lecture estim\u00e9e\" \/>\n\t<meta name=\"twitter:data1\" content=\"1 minute\" \/>\n<script type=\"application\/ld+json\" class=\"yoast-schema-graph\">{\"@context\":\"https:\/\/schema.org\",\"@graph\":[{\"@type\":\"WebPage\",\"@id\":\"https:\/\/bastide-de-bringairet.com\/fr\/appartements\/\",\"url\":\"https:\/\/bastide-de-bringairet.com\/fr\/appartements\/\",\"name\":\"Nos appartements \u2013 Bastide de Bringairet\",\"isPartOf\":{\"@id\":\"https:\/\/bastide-de-bringairet.com\/fr\/#website\"},\"primaryImageOfPage\":{\"@id\":\"https:\/\/bastide-de-bringairet.com\/fr\/appartements\/#primaryimage\"},\"image\":{\"@id\":\"https:\/\/bastide-de-bringairet.com\/fr\/appartements\/#primaryimage\"},\"thumbnailUrl\":\"https:\/\/bastide-de-bringairet.com\/wp-content\/uploads\/2024\/10\/Bastide-de-Bringairet-Slider-2.jpg\",\"datePublished\":\"2015-12-02T09:17:13+00:00\",\"dateModified\":\"2024-11-07T15:09:11+00:00\",\"description\":\"R\u00e9servez d\u00e8s maintenant votre appartement dans la Bastide de Bringairet \u00e1 Armissan, Languedoc-Roussillon, Sud de la France.\",\"breadcrumb\":{\"@id\":\"https:\/\/bastide-de-bringairet.com\/fr\/appartements\/#breadcrumb\"},\"inLanguage\":\"fr-FR\",\"potentialAction\":[{\"@type\":\"ReadAction\",\"target\":[\"https:\/\/bastide-de-bringairet.com\/fr\/appartements\/\"]}]},{\"@type\":\"ImageObject\",\"inLanguage\":\"fr-FR\",\"@id\":\"https:\/\/bastide-de-bringairet.com\/fr\/appartements\/#primaryimage\",\"url\":\"https:\/\/bastide-de-bringairet.com\/wp-content\/uploads\/2024\/10\/Bastide-de-Bringairet-Slider-2.jpg\",\"contentUrl\":\"https:\/\/bastide-de-bringairet.com\/wp-content\/uploads\/2024\/10\/Bastide-de-Bringairet-Slider-2.jpg\",\"width\":1920,\"height\":1080},{\"@type\":\"BreadcrumbList\",\"@id\":\"https:\/\/bastide-de-bringairet.com\/fr\/appartements\/#breadcrumb\",\"itemListElement\":[{\"@type\":\"ListItem\",\"position\":1,\"name\":\"Accueil\",\"item\":\"https:\/\/bastide-de-bringairet.com\/fr\/\"},{\"@type\":\"ListItem\",\"position\":2,\"name\":\"Nos appartements\"}]},{\"@type\":\"WebSite\",\"@id\":\"https:\/\/bastide-de-bringairet.com\/fr\/#website\",\"url\":\"https:\/\/bastide-de-bringairet.com\/fr\/\",\"name\":\"Bastide de Bringairet\",\"description\":\"Ferienhaus in S\u00fcdfrankreich mieten\",\"publisher\":{\"@id\":\"https:\/\/bastide-de-bringairet.com\/fr\/#organization\"},\"alternateName\":\"Bastide de Bringairet\",\"potentialAction\":[{\"@type\":\"SearchAction\",\"target\":{\"@type\":\"EntryPoint\",\"urlTemplate\":\"https:\/\/bastide-de-bringairet.com\/fr\/?s={search_term_string}\"},\"query-input\":{\"@type\":\"PropertyValueSpecification\",\"valueRequired\":true,\"valueName\":\"search_term_string\"}}],\"inLanguage\":\"fr-FR\"},{\"@type\":\"Organization\",\"@id\":\"https:\/\/bastide-de-bringairet.com\/fr\/#organization\",\"name\":\"Bastide de Bringairet\",\"url\":\"https:\/\/bastide-de-bringairet.com\/fr\/\",\"logo\":{\"@type\":\"ImageObject\",\"inLanguage\":\"fr-FR\",\"@id\":\"https:\/\/bastide-de-bringairet.com\/fr\/#\/schema\/logo\/image\/\",\"url\":\"https:\/\/bastide-de-bringairet.com\/wp-content\/uploads\/2024\/10\/Logo-Bastide-klein.jpg\",\"contentUrl\":\"https:\/\/bastide-de-bringairet.com\/wp-content\/uploads\/2024\/10\/Logo-Bastide-klein.jpg\",\"width\":400,\"height\":140,\"caption\":\"Bastide de Bringairet\"},\"image\":{\"@id\":\"https:\/\/bastide-de-bringairet.com\/fr\/#\/schema\/logo\/image\/\"}}]}<\/script>\n<!-- \/ Yoast SEO plugin. -->","yoast_head_json":{"title":"Nos appartements \u2013 Bastide de Bringairet","description":"R\u00e9servez d\u00e8s maintenant votre appartement dans la Bastide de Bringairet \u00e1 Armissan, Languedoc-Roussillon, Sud de la France.","robots":{"index":"index","follow":"follow","max-snippet":"max-snippet:-1","max-image-preview":"max-image-preview:large","max-video-preview":"max-video-preview:-1"},"canonical":"https:\/\/bastide-de-bringairet.com\/fr\/appartements\/","og_locale":"fr_FR","og_type":"article","og_title":"Nos appartements \u2013 Bastide de Bringairet","og_description":"R\u00e9servez d\u00e8s maintenant votre appartement dans la Bastide de Bringairet \u00e1 Armissan, Languedoc-Roussillon, Sud de la France.","og_url":"https:\/\/bastide-de-bringairet.com\/fr\/appartements\/","og_site_name":"Bastide de Bringairet","article_modified_time":"2024-11-07T15:09:11+00:00","og_image":[{"width":1920,"height":1080,"url":"https:\/\/bastide-de-bringairet.com\/wp-content\/uploads\/2024\/10\/Bastide-de-Bringairet-Slider-2.jpg","type":"image\/jpeg"}],"twitter_card":"summary_large_image","twitter_misc":{"Dur\u00e9e de lecture estim\u00e9e":"1 minute"},"schema":{"@context":"https:\/\/schema.org","@graph":[{"@type":"WebPage","@id":"https:\/\/bastide-de-bringairet.com\/fr\/appartements\/","url":"https:\/\/bastide-de-bringairet.com\/fr\/appartements\/","name":"Nos appartements \u2013 Bastide de Bringairet","isPartOf":{"@id":"https:\/\/bastide-de-bringairet.com\/fr\/#website"},"primaryImageOfPage":{"@id":"https:\/\/bastide-de-bringairet.com\/fr\/appartements\/#primaryimage"},"image":{"@id":"https:\/\/bastide-de-bringairet.com\/fr\/appartements\/#primaryimage"},"thumbnailUrl":"https:\/\/bastide-de-bringairet.com\/wp-content\/uploads\/2024\/10\/Bastide-de-Bringairet-Slider-2.jpg","datePublished":"2015-12-02T09:17:13+00:00","dateModified":"2024-11-07T15:09:11+00:00","description":"R\u00e9servez d\u00e8s maintenant votre appartement dans la Bastide de Bringairet \u00e1 Armissan, Languedoc-Roussillon, Sud de la France.","breadcrumb":{"@id":"https:\/\/bastide-de-bringairet.com\/fr\/appartements\/#breadcrumb"},"inLanguage":"fr-FR","potentialAction":[{"@type":"ReadAction","target":["https:\/\/bastide-de-bringairet.com\/fr\/appartements\/"]}]},{"@type":"ImageObject","inLanguage":"fr-FR","@id":"https:\/\/bastide-de-bringairet.com\/fr\/appartements\/#primaryimage","url":"https:\/\/bastide-de-bringairet.com\/wp-content\/uploads\/2024\/10\/Bastide-de-Bringairet-Slider-2.jpg","contentUrl":"https:\/\/bastide-de-bringairet.com\/wp-content\/uploads\/2024\/10\/Bastide-de-Bringairet-Slider-2.jpg","width":1920,"height":1080},{"@type":"BreadcrumbList","@id":"https:\/\/bastide-de-bringairet.com\/fr\/appartements\/#breadcrumb","itemListElement":[{"@type":"ListItem","position":1,"name":"Accueil","item":"https:\/\/bastide-de-bringairet.com\/fr\/"},{"@type":"ListItem","position":2,"name":"Nos appartements"}]},{"@type":"WebSite","@id":"https:\/\/bastide-de-bringairet.com\/fr\/#website","url":"https:\/\/bastide-de-bringairet.com\/fr\/","name":"Bastide de Bringairet","description":"Ferienhaus in S\u00fcdfrankreich mieten","publisher":{"@id":"https:\/\/bastide-de-bringairet.com\/fr\/#organization"},"alternateName":"Bastide de Bringairet","potentialAction":[{"@type":"SearchAction","target":{"@type":"EntryPoint","urlTemplate":"https:\/\/bastide-de-bringairet.com\/fr\/?s={search_term_string}"},"query-input":{"@type":"PropertyValueSpecification","valueRequired":true,"valueName":"search_term_string"}}],"inLanguage":"fr-FR"},{"@type":"Organization","@id":"https:\/\/bastide-de-bringairet.com\/fr\/#organization","name":"Bastide de Bringairet","url":"https:\/\/bastide-de-bringairet.com\/fr\/","logo":{"@type":"ImageObject","inLanguage":"fr-FR","@id":"https:\/\/bastide-de-bringairet.com\/fr\/#\/schema\/logo\/image\/","url":"https:\/\/bastide-de-bringairet.com\/wp-content\/uploads\/2024\/10\/Logo-Bastide-klein.jpg","contentUrl":"https:\/\/bastide-de-bringairet.com\/wp-content\/uploads\/2024\/10\/Logo-Bastide-klein.jpg","width":400,"height":140,"caption":"Bastide de Bringairet"},"image":{"@id":"https:\/\/bastide-de-bringairet.com\/fr\/#\/schema\/logo\/image\/"}}]}},"_links":{"self":[{"href":"https:\/\/bastide-de-bringairet.com\/fr\/wp-json\/wp\/v2\/pages\/17837","targetHints":{"allow":["GET"]}}],"collection":[{"href":"https:\/\/bastide-de-bringairet.com\/fr\/wp-json\/wp\/v2\/pages"}],"about":[{"href":"https:\/\/bastide-de-bringairet.com\/fr\/wp-json\/wp\/v2\/types\/page"}],"author":[{"embeddable":true,"href":"https:\/\/bastide-de-bringairet.com\/fr\/wp-json\/wp\/v2\/users\/1"}],"replies":[{"embeddable":true,"href":"https:\/\/bastide-de-bringairet.com\/fr\/wp-json\/wp\/v2\/comments?post=17837"}],"version-history":[{"count":2,"href":"https:\/\/bastide-de-bringairet.com\/fr\/wp-json\/wp\/v2\/pages\/17837\/revisions"}],"predecessor-version":[{"id":18097,"href":"https:\/\/bastide-de-bringairet.com\/fr\/wp-json\/wp\/v2\/pages\/17837\/revisions\/18097"}],"wp:featuredmedia":[{"embeddable":true,"href":"https:\/\/bastide-de-bringairet.com\/fr\/wp-json\/wp\/v2\/media\/17668"}],"wp:attachment":[{"href":"https:\/\/bastide-de-bringairet.com\/fr\/wp-json\/wp\/v2\/media?parent=17837"}],"curies":[{"name":"wp","href":"https:\/\/api.w.org\/{rel}","templated":true}]}}