{"id":17820,"date":"2017-05-23T08:18:36","date_gmt":"2017-05-23T06:18:36","guid":{"rendered":"https:\/\/bastide-de-bringairet.com\/ausflugsziele\/"},"modified":"2024-11-09T16:07:48","modified_gmt":"2024-11-09T15:07:48","slug":"attractions","status":"publish","type":"page","link":"https:\/\/bastide-de-bringairet.com\/fr\/attractions\/","title":{"rendered":"Attractions"},"content":{"rendered":"<div id=\"cmsmasters_row_6pdwps3vl4\" class=\"cmsmasters_row cmsmasters_color_scheme_default cmsmasters_row_top_default cmsmasters_row_bot_default cmsmasters_row_boxed\">\n<div class=\"cmsmasters_row_outer_parent\">\n<div class=\"cmsmasters_row_outer\">\n<div class=\"cmsmasters_row_inner\">\n<div class=\"cmsmasters_row_margin\">\n<div id=\"cmsmasters_column_ezd50e985f\" class=\"cmsmasters_column one_first\">\n<div class=\"cmsmasters_column_inner\"><div id=\"cmsmasters_heading_twc7xmj6\" class=\"cmsmasters_heading_wrap cmsmasters_heading_align_center\">\n\t<h3 class=\"cmsmasters_heading\">Beaux endroits<\/h3>\n<\/div><div id=\"cmsmasters_heading_0f23obmcb9\" class=\"cmsmasters_heading_wrap cmsmasters_heading_align_center\">\n\t<h2 class=\"cmsmasters_heading\">et sites touristique<\/h2>\n<\/div>\n<\/div><\/div>\n<\/div>\n<\/div>\n<\/div>\n<\/div>\n<\/div>\n<div id=\"cmsmasters_row_hhn8wyun7\" class=\"cmsmasters_row cmsmasters_color_scheme_default cmsmasters_row_top_default cmsmasters_row_bot_default cmsmasters_row_boxed\">\n<div class=\"cmsmasters_row_outer_parent\">\n<div class=\"cmsmasters_row_outer\">\n<div class=\"cmsmasters_row_inner\">\n<div class=\"cmsmasters_row_margin\">\n<div id=\"cmsmasters_column_dfzcjbgck\" class=\"cmsmasters_column one_first\">\n<div class=\"cmsmasters_column_inner\"><div class=\"cmsmasters_text\">\n<p class=\"p1\">Ces sites souvent mis en arri\u00e8re plan par rapport aux vignobles et aux nombreuses plages offrent beaucoup plus d\u2019int\u00e9r\u00eat pour les visiteurs voulant d\u00e9couvrir notre r\u00e9gion .<\/p>\n<p class=\"p1\">De merveilleux sites tr\u00e8s peu connus se cachent non loin de la Bastide dans le Parc Naturel de la Narbonnaise d\u2019o\u00f9 vous pourrez contempler \u00e0 perte de vue les immenses plages m\u00e9diterran\u00e9ennes ainsi que les hautes montagnes formant le bout de la cha\u00eene des Pyr\u00e9n\u00e9es qui plonge dans la mer. Vous pourrez \u00e9galement profiter de d\u00e9couvrir d\u2019autres tr\u00e8s beaux sites touristiques.Tel que:<\/p>\n<\/div>\n<\/div><\/div>\n<\/div>\n<\/div>\n<\/div>\n<\/div>\n<\/div>\n<div id=\"cmsmasters_row_29c43b215b\" class=\"cmsmasters_row cmsmasters_color_scheme_default cmsmasters_row_top_default cmsmasters_row_bot_default cmsmasters_row_fullwidth\">\n<div class=\"cmsmasters_row_outer_parent\">\n<div class=\"cmsmasters_row_outer\">\n<div class=\"cmsmasters_row_inner cmsmasters_row_fullwidth cmsmasters_row_no_margin\">\n<div class=\"cmsmasters_row_margin cmsmasters_row_columns_behavior\">\n<div id=\"cmsmasters_column_24ddda560b\" class=\"cmsmasters_column one_half\">\n<div class=\"cmsmasters_column_inner\"><div id=\"cmsmasters_fb_aeb824ab39\" class=\"cmsmasters_featured_block\">\n<div class=\"featured_block_inner\">\n<div class=\"featured_block_text\">\n<div class=\"cmsmasters_heading\" style=\"text-align: center;\"><div id=\"cmsmasters_heading_631c906a47\" class=\"cmsmasters_heading_wrap cmsmasters_heading_align_center\">\n\t<h3 class=\"cmsmasters_heading\">Bages<\/h3>\n<\/div><div id=\"cmsmasters_heading_f4d484ebdc\" class=\"cmsmasters_heading_wrap cmsmasters_heading_align_center\">\n\t<h2 class=\"cmsmasters_heading\">Le pittoresque village d&rsquo;artists<\/h2>\n<\/div><\/div>\n<p style=\"text-align: center;\"><span style=\"color: #6a6a6a; font-size: 20px; line-height: 28px;\"> Au bord de l\u2019\u00e9tang qui porte son nom, s\u2019offre \u00e0 votre regard l\u2019insolite village de p\u00eacheur\u2026 BAGES dont un vieux dicton nous rappelle que sa beaut\u00e9 est telle que l\u2019on peut l\u2019\u00e9voquer en disant\u2026 \u00ab voir BAGES puis&#8230; mourir \u00bb \u2026de plaisir!!! Sans oublier ses galeries de peinture, sa place occup\u00e9e par le pittoresque bistro \u00ab Les Beaux Arts \u00bb, ses fresques vivantes se refl\u00e9tant sur les eaux de l\u2019\u00e9tang compos\u00e9es d\u2019innombrables flamands roses.<br \/>\n<\/span><\/p>\n\n<\/div>\n<\/div>\n<\/div>\n<\/div><\/div>\n<div id=\"cmsmasters_column_e02e0930e3\" class=\"cmsmasters_column one_half\">\n<div class=\"cmsmasters_column_inner\"><div id=\"cmsmasters_fb_4aff80b7df\" class=\"cmsmasters_featured_block ios_picture\">\n<div class=\"featured_block_inner\">\n<div class=\"featured_block_text\"><\/div>\n<\/div>\n<\/div>\n<\/div><\/div>\n<\/div>\n<\/div>\n<\/div>\n<\/div>\n<\/div>\n<div id=\"cmsmasters_row_1d4c30e4d6\" class=\"cmsmasters_row cmsmasters_color_scheme_default cmsmasters_row_top_default cmsmasters_row_bot_default cmsmasters_row_fullwidth\">\n<div class=\"cmsmasters_row_outer_parent\">\n<div class=\"cmsmasters_row_outer\">\n<div class=\"cmsmasters_row_inner cmsmasters_row_fullwidth cmsmasters_row_no_margin\">\n<div class=\"cmsmasters_row_margin cmsmasters_row_columns_behavior\">\n<div id=\"cmsmasters_column_90e1320cfd\" class=\"cmsmasters_column one_half\">\n<div class=\"cmsmasters_column_inner\"><div id=\"cmsmasters_fb_4dc28c2618\" class=\"cmsmasters_featured_block delete_picture\">\n<div class=\"featured_block_inner\">\n<div class=\"featured_block_text\"><\/div>\n<\/div>\n<\/div>\n<\/div><\/div>\n<div id=\"cmsmasters_column_652e776471\" class=\"cmsmasters_column one_half\">\n<div class=\"cmsmasters_column_inner\"><div id=\"cmsmasters_fb_a0efbc8f41\" class=\"cmsmasters_featured_block\">\n<div class=\"featured_block_inner\">\n<div class=\"featured_block_text\">\n<div class=\"cmsmasters_heading\" style=\"text-align: center;\">\n<div class=\"cmsmasters_heading\" style=\"text-align: center;\"><div id=\"cmsmasters_heading_631c906a47\" class=\"cmsmasters_heading_wrap cmsmasters_heading_align_center\">\n\t<h3 class=\"cmsmasters_heading\">Gruissan<\/h3>\n<\/div><div id=\"cmsmasters_heading_f4d484ebdc\" class=\"cmsmasters_heading_wrap cmsmasters_heading_align_center\">\n\t<h2 class=\"cmsmasters_heading\">Le charmant village de p\u00eacheurs<\/h2>\n<\/div><\/div>\n<p style=\"text-align: center;\"><span style=\"color: #6a6a6a; font-size: 20px; line-height: 28px;\"> En bordure de la M\u00e9diterran\u00e9e, \u00e0 l\u2019aur\u00e9e du Massif de la Clape, le village privil\u00e9gi\u00e9 de Gruissan se r\u00e9v\u00e8le dans toute sa splendeur et son originalit\u00e9 dans cet espace littoral de la Narbonnaise d\u2019une biodiversit\u00e9 exceptionnelle. Son petit port de p\u00eache, son grand port de plaisance li\u00e9 \u00e0 la Station baln\u00e9aire connue, son vieux village unique et pittoresque encercl\u00e9 par un \u00e9tang sauvage surplomb\u00e9 de la gardienne des lieux la \u00ab\u00a0Tour Barberousse\u00a0\u00bb, son cimeti\u00e8re marin dont la mont\u00e9e escarp\u00e9e donne acc\u00e8s \u00e0 la Chapelle Notre Dame des Auzils \u00e0 travers le somptueux massif de la Clape, sous les stribulations ininterrompues des cigales.<br \/>\n<\/span><\/p>\n<\/div>\n\n<\/div>\n<\/div>\n<\/div>\n<\/div><\/div>\n<\/div>\n<\/div>\n<\/div>\n<\/div>\n<\/div>\n<div id=\"cmsmasters_row_l0julciydj\" class=\"cmsmasters_row cmsmasters_color_scheme_default cmsmasters_row_top_default cmsmasters_row_bot_default cmsmasters_row_fullwidth\">\n<div class=\"cmsmasters_row_outer_parent\">\n<div class=\"cmsmasters_row_outer\">\n<div class=\"cmsmasters_row_inner cmsmasters_row_fullwidth cmsmasters_row_no_margin\">\n<div class=\"cmsmasters_row_margin cmsmasters_row_columns_behavior\">\n<div id=\"cmsmasters_column_q9fuk7s3gu\" class=\"cmsmasters_column one_half\">\n<div class=\"cmsmasters_column_inner\"><div id=\"cmsmasters_fb_99ky48hpg\" class=\"cmsmasters_featured_block\">\n<div class=\"featured_block_inner\">\n<div class=\"featured_block_text\">\n<div style=\"text-align: center;\"><div id=\"cmsmasters_heading_631c906a47\" class=\"cmsmasters_heading_wrap cmsmasters_heading_align_center\">\n\t<h3 class=\"cmsmasters_heading\">R\u00e9serve<\/h3>\n<\/div><div id=\"cmsmasters_heading_f4d484ebdc\" class=\"cmsmasters_heading_wrap cmsmasters_heading_align_center\">\n\t<h2 class=\"cmsmasters_heading\">Africaine de Sigean<\/h2>\n<\/div><\/div>\n<p style=\"text-align: center;\"><span style=\"color: #6a6a6a; font-size: 20px; line-height: 28px;\"> A 15 kilom\u00e8tres au Sud de Narbonne en direction de l\u2019Espagne s\u2019\u00e9tend sur plus de 300 hectares une presqu\u2019\u00eele bord\u00e9e par les \u00e9tangs sur laquelle est implant\u00e9e la R\u00e9serve Africaine de Sigean, vaste parc animaliers o\u00f9 de nombreuses esp\u00e8ces sauvages vivent en quasi libert\u00e9. La R\u00e9serve se visite en partie avec votre propre v\u00e9hicule, ce qui vous permettra de cotoyer ours brun, lions, rhinoc\u00e9ros, autruches, z\u00e8bres, z\u00e9bus etc\u2026 en toute s\u00e9curit\u00e9 en respectant toutefois certaines consignes de s\u00e9curit\u00e9.L\u2019autre partie se visite \u00e0 pieds ce qui vous permettra de d\u00e9couvrir dans un paysage rappelant l\u2019Afrique d\u2019autres nombreux animaux sauvages, \u00e9l\u00e9phants, girafes, crocodilles, flamands roses, et cigognes. Merveilleuse promenade pour vos enfants et que vous saurez \u00e9galement appr\u00e9cier.<br \/>\n<\/span><\/p>\n\n<\/div>\n<\/div>\n<\/div>\n<\/div><\/div>\n<div id=\"cmsmasters_column_0lrzmf6l2\" class=\"cmsmasters_column one_half\">\n<div class=\"cmsmasters_column_inner\"><div id=\"cmsmasters_fb_5j2398omgp\" class=\"cmsmasters_featured_block ios_picture\">\n<div class=\"featured_block_inner\">\n<div class=\"featured_block_text\"><\/div>\n<\/div>\n<\/div>\n<\/div><\/div>\n<\/div>\n<\/div>\n<\/div>\n<\/div>\n<\/div>\n<div id=\"cmsmasters_row_78sngzhjo\" class=\"cmsmasters_row cmsmasters_color_scheme_default cmsmasters_row_top_default cmsmasters_row_bot_default cmsmasters_row_fullwidth\">\n<div class=\"cmsmasters_row_outer_parent\">\n<div class=\"cmsmasters_row_outer\">\n<div class=\"cmsmasters_row_inner cmsmasters_row_fullwidth cmsmasters_row_no_margin\">\n<div class=\"cmsmasters_row_margin cmsmasters_row_columns_behavior\">\n<div id=\"cmsmasters_column_zv7bnolq0y\" class=\"cmsmasters_column one_half\">\n<div class=\"cmsmasters_column_inner\"><div id=\"cmsmasters_fb_c9q49m67w4\" class=\"cmsmasters_featured_block delete_picture\">\n<div class=\"featured_block_inner\">\n<div class=\"featured_block_text\"><\/div>\n<\/div>\n<\/div>\n<\/div><\/div>\n<div id=\"cmsmasters_column_awbgoblf5z\" class=\"cmsmasters_column one_half\">\n<div class=\"cmsmasters_column_inner\"><div id=\"cmsmasters_fb_cavh82l2a7\" class=\"cmsmasters_featured_block\">\n<div class=\"featured_block_inner\">\n<div class=\"featured_block_text\">\n<div class=\"cmsmasters_heading\" style=\"text-align: center;\">\n<div class=\"cmsmasters_heading\" style=\"text-align: center;\"><div id=\"cmsmasters_heading_631c906a47\" class=\"cmsmasters_heading_wrap cmsmasters_heading_align_center\">\n\t<h3 class=\"cmsmasters_heading\">Canal<\/h3>\n<\/div><div id=\"cmsmasters_heading_f4d484ebdc\" class=\"cmsmasters_heading_wrap cmsmasters_heading_align_center\">\n\t<h2 class=\"cmsmasters_heading\">du Midi<\/h2>\n<\/div><\/div>\n<p style=\"text-align: center;\"><span style=\"color: #6a6a6a; font-size: 20px; line-height: 28px;\"> Le Canal du Midi, construit en 14 ans de 1667 \u00e0 1681 est un v\u00e9ritable chef d\u2019oeuvre long de 240 kilom\u00e8tres qui relie l\u2019Oc\u00e9an Atlantique \u00e0 la M\u00e9diterran\u00e9e et est class\u00e9 depuis 1996 dans le Patrimoine Mondial de l\u2019Humanit\u00e9. De nos jours le tourisme fluvial y est pr\u00e9pond\u00e9rant. Le petit village d\u00e9nomm\u00e9 Le Somail m\u00e9rite vraiment d\u2019\u00eatre d\u00e9couvert\u00a0; en bordure du canal, son charme\u00a0, son calme, sa beaut\u00e9 en font un lieu touristique, culturel et gastronomique incontournable.<br \/>\n<\/span><\/p>\n<\/div>\n\n<\/div>\n<\/div>\n<\/div>\n<\/div><\/div>\n<\/div>\n<\/div>\n<\/div>\n<\/div>\n<\/div>\n<div id=\"cmsmasters_row_8rcxej6dkq\" class=\"cmsmasters_row cmsmasters_color_scheme_default cmsmasters_row_top_default cmsmasters_row_bot_default cmsmasters_row_fullwidth\">\n<div class=\"cmsmasters_row_outer_parent\">\n<div class=\"cmsmasters_row_outer\">\n<div class=\"cmsmasters_row_inner cmsmasters_row_fullwidth cmsmasters_row_no_margin\">\n<div class=\"cmsmasters_row_margin cmsmasters_row_columns_behavior\">\n<div id=\"cmsmasters_column_se7nr71zvl\" class=\"cmsmasters_column one_half\">\n<div class=\"cmsmasters_column_inner\"><div id=\"cmsmasters_fb_gdu9zw0mpp\" class=\"cmsmasters_featured_block\">\n<div class=\"featured_block_inner\">\n<div class=\"featured_block_text\">\n<div class=\"cmsmasters_heading\" style=\"text-align: center;\"><div id=\"cmsmasters_heading_631c906a47\" class=\"cmsmasters_heading_wrap cmsmasters_heading_align_center\">\n\t<h3 class=\"cmsmasters_heading\">Abbaye<\/h3>\n<\/div><div id=\"cmsmasters_heading_f4d484ebdc\" class=\"cmsmasters_heading_wrap cmsmasters_heading_align_center\">\n\t<h2 class=\"cmsmasters_heading\">de Frontfroide<\/h2>\n<\/div><\/div>\n<p style=\"text-align: center;\"><span style=\"color: #6a6a6a; font-size: 20px; line-height: 28px;\"> Haut lieu patrimonial de la Narbonnaise, l\u2019Abbaye de Fontfroide, fond\u00e9e en 1093, est une v\u00e9ritable cit\u00e9 monastique, chef d\u2019oeuvre de l\u2019art cistercien. Visites th\u00e9matiques, parcours et d\u00e9couvertes oenologiques dans le vignoble vous sont propos\u00e9s ainsi que manifestations notamment chants gr\u00e9goriens, concerts et le restaurant \u00ab\u00a0La Table de Fontfroide\u00a0\u00bb vous offrira son hospitalit\u00e9.<br \/>\n<\/span><\/p>\n\n<\/div>\n<\/div>\n<\/div>\n<\/div><\/div>\n<div id=\"cmsmasters_column_ppd2lg1qvq\" class=\"cmsmasters_column one_half\">\n<div class=\"cmsmasters_column_inner\"><div id=\"cmsmasters_fb_j8qpj7bjs\" class=\"cmsmasters_featured_block ios_picture\">\n<div class=\"featured_block_inner\">\n<div class=\"featured_block_text\"><\/div>\n<\/div>\n<\/div>\n<\/div><\/div>\n<\/div>\n<\/div>\n<\/div>\n<\/div>\n<\/div>\n<div id=\"cmsmasters_row_vqaip0o657\" class=\"cmsmasters_row cmsmasters_color_scheme_default cmsmasters_row_top_default cmsmasters_row_bot_default cmsmasters_row_fullwidth\">\n<div class=\"cmsmasters_row_outer_parent\">\n<div class=\"cmsmasters_row_outer\">\n<div class=\"cmsmasters_row_inner cmsmasters_row_fullwidth cmsmasters_row_no_margin\">\n<div class=\"cmsmasters_row_margin cmsmasters_row_columns_behavior\">\n<div id=\"cmsmasters_column_2hnk27yovt\" class=\"cmsmasters_column one_half\">\n<div class=\"cmsmasters_column_inner\"><div id=\"cmsmasters_fb_ndw9o91u5p\" class=\"cmsmasters_featured_block delete_picture\">\n<div class=\"featured_block_inner\">\n<div class=\"featured_block_text\"><\/div>\n<\/div>\n<\/div>\n<\/div><\/div>\n<div id=\"cmsmasters_column_le0imfring\" class=\"cmsmasters_column one_half\">\n<div class=\"cmsmasters_column_inner\"><div id=\"cmsmasters_fb_qb1iiu8uoq\" class=\"cmsmasters_featured_block\">\n<div class=\"featured_block_inner\">\n<div class=\"featured_block_text\">\n<div class=\"cmsmasters_heading\" style=\"text-align: center;\">\n<div class=\"cmsmasters_heading\" style=\"text-align: center;\"><div id=\"cmsmasters_heading_631c906a47\" class=\"cmsmasters_heading_wrap cmsmasters_heading_align_center\">\n\t<h3 class=\"cmsmasters_heading\">Carcassonne<\/h3>\n<\/div><div id=\"cmsmasters_heading_f4d484ebdc\" class=\"cmsmasters_heading_wrap cmsmasters_heading_align_center\">\n\t<h2 class=\"cmsmasters_heading\">La ville fortifi\u00e9e<\/h2>\n<\/div><\/div>\n<p style=\"text-align: center;\"><span style=\"color: #6a6a6a; font-size: 20px; line-height: 28px;\"> L\u2019\u00e9norme et impressionnante forteresse m\u00e9di\u00e9vale connue sous le nom \u00ab\u00a0La Cit\u00e9 de Carcassonne\u00a0\u00bb, class\u00e9e dans le Patrimoine Mondial de l\u2019Humanit\u00e9 est entour\u00e9e d\u2019un double rempart sur pr\u00e8s de 3 kilom\u00e8tres et compos\u00e9 de 54 tours imposantes. A l\u2019int\u00e9rieur de cette forteresse se d\u00e9ploie un pittoresque village aux ruelles \u00e9troites et envahies de touristes venus de toutes les r\u00e9gions du monde\u00a0; village compos\u00e9 de nombreuses boutiques, de petites places orn\u00e9es de fontaines, de restaurants, d\u2019un th\u00e9\u00e2tre de la nature et d\u2019une cath\u00e9drale. <\/span><\/p>\n<\/div>\n\n<\/div>\n<\/div>\n<\/div>\n<\/div><\/div>\n<\/div>\n<\/div>\n<\/div>\n<\/div>\n<\/div>\n\n","protected":false},"excerpt":{"rendered":"","protected":false},"author":1,"featured_media":17766,"parent":0,"menu_order":0,"comment_status":"closed","ping_status":"closed","template":"","meta":{"footnotes":""},"class_list":["post-17820","page","type-page","status-publish","has-post-thumbnail","hentry"],"yoast_head":"<!-- This site is optimized with the Yoast SEO plugin v24.7 - https:\/\/yoast.com\/wordpress\/plugins\/seo\/ -->\n<title>Attractions aux alentours de la Bastide de Bringairet<\/title>\n<meta name=\"description\" content=\"Nos coups de c\u0153ur pour de belles excursions et pour la d\u00e9couverte de sites touristiques en Lanquedoc-Roussillon aux alentours de la bastide.\" \/>\n<meta name=\"robots\" content=\"index, follow, max-snippet:-1, max-image-preview:large, max-video-preview:-1\" \/>\n<link rel=\"canonical\" href=\"https:\/\/bastide-de-bringairet.com\/fr\/attractions\/\" \/>\n<meta property=\"og:locale\" content=\"fr_FR\" \/>\n<meta property=\"og:type\" content=\"article\" \/>\n<meta property=\"og:title\" content=\"Attractions aux alentours de la Bastide de Bringairet\" \/>\n<meta property=\"og:description\" content=\"Nos coups de c\u0153ur pour de belles excursions et pour la d\u00e9couverte de sites touristiques en Lanquedoc-Roussillon aux alentours de la bastide.\" \/>\n<meta property=\"og:url\" content=\"https:\/\/bastide-de-bringairet.com\/fr\/attractions\/\" \/>\n<meta property=\"og:site_name\" content=\"Bastide de Bringairet\" \/>\n<meta property=\"article:modified_time\" content=\"2024-11-09T15:07:48+00:00\" \/>\n<meta property=\"og:image\" content=\"https:\/\/bastide-de-bringairet.com\/wp-content\/uploads\/2024\/10\/Ausflugsziele-1.jpg\" \/>\n\t<meta property=\"og:image:width\" content=\"1920\" \/>\n\t<meta property=\"og:image:height\" content=\"1080\" \/>\n\t<meta property=\"og:image:type\" content=\"image\/jpeg\" \/>\n<meta name=\"twitter:card\" content=\"summary_large_image\" \/>\n<meta name=\"twitter:label1\" content=\"Dur\u00e9e de lecture estim\u00e9e\" \/>\n\t<meta name=\"twitter:data1\" content=\"7 minutes\" \/>\n<script type=\"application\/ld+json\" class=\"yoast-schema-graph\">{\"@context\":\"https:\/\/schema.org\",\"@graph\":[{\"@type\":\"WebPage\",\"@id\":\"https:\/\/bastide-de-bringairet.com\/fr\/attractions\/\",\"url\":\"https:\/\/bastide-de-bringairet.com\/fr\/attractions\/\",\"name\":\"Attractions aux alentours de la Bastide de Bringairet\",\"isPartOf\":{\"@id\":\"https:\/\/bastide-de-bringairet.com\/fr\/#website\"},\"primaryImageOfPage\":{\"@id\":\"https:\/\/bastide-de-bringairet.com\/fr\/attractions\/#primaryimage\"},\"image\":{\"@id\":\"https:\/\/bastide-de-bringairet.com\/fr\/attractions\/#primaryimage\"},\"thumbnailUrl\":\"https:\/\/bastide-de-bringairet.com\/wp-content\/uploads\/2024\/10\/Ausflugsziele-1.jpg\",\"datePublished\":\"2017-05-23T06:18:36+00:00\",\"dateModified\":\"2024-11-09T15:07:48+00:00\",\"description\":\"Nos coups de c\u0153ur pour de belles excursions et pour la d\u00e9couverte de sites touristiques en Lanquedoc-Roussillon aux alentours de la bastide.\",\"breadcrumb\":{\"@id\":\"https:\/\/bastide-de-bringairet.com\/fr\/attractions\/#breadcrumb\"},\"inLanguage\":\"fr-FR\",\"potentialAction\":[{\"@type\":\"ReadAction\",\"target\":[\"https:\/\/bastide-de-bringairet.com\/fr\/attractions\/\"]}]},{\"@type\":\"ImageObject\",\"inLanguage\":\"fr-FR\",\"@id\":\"https:\/\/bastide-de-bringairet.com\/fr\/attractions\/#primaryimage\",\"url\":\"https:\/\/bastide-de-bringairet.com\/wp-content\/uploads\/2024\/10\/Ausflugsziele-1.jpg\",\"contentUrl\":\"https:\/\/bastide-de-bringairet.com\/wp-content\/uploads\/2024\/10\/Ausflugsziele-1.jpg\",\"width\":1920,\"height\":1080},{\"@type\":\"BreadcrumbList\",\"@id\":\"https:\/\/bastide-de-bringairet.com\/fr\/attractions\/#breadcrumb\",\"itemListElement\":[{\"@type\":\"ListItem\",\"position\":1,\"name\":\"Accueil\",\"item\":\"https:\/\/bastide-de-bringairet.com\/fr\/\"},{\"@type\":\"ListItem\",\"position\":2,\"name\":\"Attractions\"}]},{\"@type\":\"WebSite\",\"@id\":\"https:\/\/bastide-de-bringairet.com\/fr\/#website\",\"url\":\"https:\/\/bastide-de-bringairet.com\/fr\/\",\"name\":\"Bastide de Bringairet\",\"description\":\"Ferienhaus in S\u00fcdfrankreich mieten\",\"publisher\":{\"@id\":\"https:\/\/bastide-de-bringairet.com\/fr\/#organization\"},\"alternateName\":\"Bastide de Bringairet\",\"potentialAction\":[{\"@type\":\"SearchAction\",\"target\":{\"@type\":\"EntryPoint\",\"urlTemplate\":\"https:\/\/bastide-de-bringairet.com\/fr\/?s={search_term_string}\"},\"query-input\":{\"@type\":\"PropertyValueSpecification\",\"valueRequired\":true,\"valueName\":\"search_term_string\"}}],\"inLanguage\":\"fr-FR\"},{\"@type\":\"Organization\",\"@id\":\"https:\/\/bastide-de-bringairet.com\/fr\/#organization\",\"name\":\"Bastide de Bringairet\",\"url\":\"https:\/\/bastide-de-bringairet.com\/fr\/\",\"logo\":{\"@type\":\"ImageObject\",\"inLanguage\":\"fr-FR\",\"@id\":\"https:\/\/bastide-de-bringairet.com\/fr\/#\/schema\/logo\/image\/\",\"url\":\"https:\/\/bastide-de-bringairet.com\/wp-content\/uploads\/2024\/10\/Logo-Bastide-klein.jpg\",\"contentUrl\":\"https:\/\/bastide-de-bringairet.com\/wp-content\/uploads\/2024\/10\/Logo-Bastide-klein.jpg\",\"width\":400,\"height\":140,\"caption\":\"Bastide de Bringairet\"},\"image\":{\"@id\":\"https:\/\/bastide-de-bringairet.com\/fr\/#\/schema\/logo\/image\/\"}}]}<\/script>\n<!-- \/ Yoast SEO plugin. -->","yoast_head_json":{"title":"Attractions aux alentours de la Bastide de Bringairet","description":"Nos coups de c\u0153ur pour de belles excursions et pour la d\u00e9couverte de sites touristiques en Lanquedoc-Roussillon aux alentours de la bastide.","robots":{"index":"index","follow":"follow","max-snippet":"max-snippet:-1","max-image-preview":"max-image-preview:large","max-video-preview":"max-video-preview:-1"},"canonical":"https:\/\/bastide-de-bringairet.com\/fr\/attractions\/","og_locale":"fr_FR","og_type":"article","og_title":"Attractions aux alentours de la Bastide de Bringairet","og_description":"Nos coups de c\u0153ur pour de belles excursions et pour la d\u00e9couverte de sites touristiques en Lanquedoc-Roussillon aux alentours de la bastide.","og_url":"https:\/\/bastide-de-bringairet.com\/fr\/attractions\/","og_site_name":"Bastide de Bringairet","article_modified_time":"2024-11-09T15:07:48+00:00","og_image":[{"width":1920,"height":1080,"url":"https:\/\/bastide-de-bringairet.com\/wp-content\/uploads\/2024\/10\/Ausflugsziele-1.jpg","type":"image\/jpeg"}],"twitter_card":"summary_large_image","twitter_misc":{"Dur\u00e9e de lecture estim\u00e9e":"7 minutes"},"schema":{"@context":"https:\/\/schema.org","@graph":[{"@type":"WebPage","@id":"https:\/\/bastide-de-bringairet.com\/fr\/attractions\/","url":"https:\/\/bastide-de-bringairet.com\/fr\/attractions\/","name":"Attractions aux alentours de la Bastide de Bringairet","isPartOf":{"@id":"https:\/\/bastide-de-bringairet.com\/fr\/#website"},"primaryImageOfPage":{"@id":"https:\/\/bastide-de-bringairet.com\/fr\/attractions\/#primaryimage"},"image":{"@id":"https:\/\/bastide-de-bringairet.com\/fr\/attractions\/#primaryimage"},"thumbnailUrl":"https:\/\/bastide-de-bringairet.com\/wp-content\/uploads\/2024\/10\/Ausflugsziele-1.jpg","datePublished":"2017-05-23T06:18:36+00:00","dateModified":"2024-11-09T15:07:48+00:00","description":"Nos coups de c\u0153ur pour de belles excursions et pour la d\u00e9couverte de sites touristiques en Lanquedoc-Roussillon aux alentours de la bastide.","breadcrumb":{"@id":"https:\/\/bastide-de-bringairet.com\/fr\/attractions\/#breadcrumb"},"inLanguage":"fr-FR","potentialAction":[{"@type":"ReadAction","target":["https:\/\/bastide-de-bringairet.com\/fr\/attractions\/"]}]},{"@type":"ImageObject","inLanguage":"fr-FR","@id":"https:\/\/bastide-de-bringairet.com\/fr\/attractions\/#primaryimage","url":"https:\/\/bastide-de-bringairet.com\/wp-content\/uploads\/2024\/10\/Ausflugsziele-1.jpg","contentUrl":"https:\/\/bastide-de-bringairet.com\/wp-content\/uploads\/2024\/10\/Ausflugsziele-1.jpg","width":1920,"height":1080},{"@type":"BreadcrumbList","@id":"https:\/\/bastide-de-bringairet.com\/fr\/attractions\/#breadcrumb","itemListElement":[{"@type":"ListItem","position":1,"name":"Accueil","item":"https:\/\/bastide-de-bringairet.com\/fr\/"},{"@type":"ListItem","position":2,"name":"Attractions"}]},{"@type":"WebSite","@id":"https:\/\/bastide-de-bringairet.com\/fr\/#website","url":"https:\/\/bastide-de-bringairet.com\/fr\/","name":"Bastide de Bringairet","description":"Ferienhaus in S\u00fcdfrankreich mieten","publisher":{"@id":"https:\/\/bastide-de-bringairet.com\/fr\/#organization"},"alternateName":"Bastide de Bringairet","potentialAction":[{"@type":"SearchAction","target":{"@type":"EntryPoint","urlTemplate":"https:\/\/bastide-de-bringairet.com\/fr\/?s={search_term_string}"},"query-input":{"@type":"PropertyValueSpecification","valueRequired":true,"valueName":"search_term_string"}}],"inLanguage":"fr-FR"},{"@type":"Organization","@id":"https:\/\/bastide-de-bringairet.com\/fr\/#organization","name":"Bastide de Bringairet","url":"https:\/\/bastide-de-bringairet.com\/fr\/","logo":{"@type":"ImageObject","inLanguage":"fr-FR","@id":"https:\/\/bastide-de-bringairet.com\/fr\/#\/schema\/logo\/image\/","url":"https:\/\/bastide-de-bringairet.com\/wp-content\/uploads\/2024\/10\/Logo-Bastide-klein.jpg","contentUrl":"https:\/\/bastide-de-bringairet.com\/wp-content\/uploads\/2024\/10\/Logo-Bastide-klein.jpg","width":400,"height":140,"caption":"Bastide de Bringairet"},"image":{"@id":"https:\/\/bastide-de-bringairet.com\/fr\/#\/schema\/logo\/image\/"}}]}},"_links":{"self":[{"href":"https:\/\/bastide-de-bringairet.com\/fr\/wp-json\/wp\/v2\/pages\/17820","targetHints":{"allow":["GET"]}}],"collection":[{"href":"https:\/\/bastide-de-bringairet.com\/fr\/wp-json\/wp\/v2\/pages"}],"about":[{"href":"https:\/\/bastide-de-bringairet.com\/fr\/wp-json\/wp\/v2\/types\/page"}],"author":[{"embeddable":true,"href":"https:\/\/bastide-de-bringairet.com\/fr\/wp-json\/wp\/v2\/users\/1"}],"replies":[{"embeddable":true,"href":"https:\/\/bastide-de-bringairet.com\/fr\/wp-json\/wp\/v2\/comments?post=17820"}],"version-history":[{"count":2,"href":"https:\/\/bastide-de-bringairet.com\/fr\/wp-json\/wp\/v2\/pages\/17820\/revisions"}],"predecessor-version":[{"id":18111,"href":"https:\/\/bastide-de-bringairet.com\/fr\/wp-json\/wp\/v2\/pages\/17820\/revisions\/18111"}],"wp:featuredmedia":[{"embeddable":true,"href":"https:\/\/bastide-de-bringairet.com\/fr\/wp-json\/wp\/v2\/media\/17766"}],"wp:attachment":[{"href":"https:\/\/bastide-de-bringairet.com\/fr\/wp-json\/wp\/v2\/media?parent=17820"}],"curies":[{"name":"wp","href":"https:\/\/api.w.org\/{rel}","templated":true}]}}