{"id":17836,"date":"2015-12-02T10:17:13","date_gmt":"2015-12-02T09:17:13","guid":{"rendered":"https:\/\/bastide-de-bringairet.com\/ferienwohnungen\/"},"modified":"2024-11-02T17:45:08","modified_gmt":"2024-11-02T16:45:08","slug":"apartments","status":"publish","type":"page","link":"https:\/\/bastide-de-bringairet.com\/en\/apartments\/","title":{"rendered":"Our apartments"},"content":{"rendered":"<div id=\"cmsmasters_row_7d823c4a4c\" class=\"cmsmasters_row cmsmasters_color_scheme_default cmsmasters_row_top_default cmsmasters_row_bot_default cmsmasters_row_boxed\">\n<div class=\"cmsmasters_row_outer_parent\">\n<div class=\"cmsmasters_row_outer\">\n<div class=\"cmsmasters_row_inner\">\n<div class=\"cmsmasters_row_margin\">\n<div id=\"cmsmasters_column_521fedf2fb\" class=\"cmsmasters_column one_first\">\n<div class=\"cmsmasters_column_inner\"><div id=\"cmsmasters_heading_39433f6d81\" class=\"cmsmasters_heading_wrap cmsmasters_heading_align_center\">\n\t<h3 class=\"cmsmasters_heading\">Our<\/h3>\n<\/div><div id=\"cmsmasters_heading_c3bb342a81\" class=\"cmsmasters_heading_wrap cmsmasters_heading_align_center\">\n\t<h2 class=\"cmsmasters_heading\">Apartments<\/h2>\n<\/div>\n<div id=\"portfolio_b216c748a3\" class=\"cmsmasters_wrap_portfolio entry-summary\" data-layout=\"grid\" data-layout-mode=\"perfect\" data-url=\"https:\/\/bastide-de-bringairet.com\/wp-content\/plugins\/cmsmasters-content-composer\/\" data-orderby=\"title\" data-order=\"ASC\" data-count=\"2\" data-categories=\"wlan\" data-metadata=\"title,price\"><div class=\"portfolio grid large_gap perfect cmsmasters_2\"><!-- Start Project Grid Article -->\r\n<article id=\"post-17873\" class=\"cmsmasters_project_grid post-17873 project type-project status-publish format-standard has-post-thumbnail hentry pj-categs-parking pj-categs-pool-en pj-categs-tv-en pj-categs-washing-machine pj-categs-wifi\" data-category=\"parking pool-en tv-en washing-machine wifi\">\r\n\t<div class=\"project_outer\">\r\n\t<div class=\"project_img_wrap\"><figure class=\"cmsmasters_img_rollover_wrap preloader\"><img loading=\"lazy\" decoding=\"async\" width=\"580\" height=\"420\" src=\"https:\/\/bastide-de-bringairet.com\/wp-content\/uploads\/2017\/05\/Harmonie-8-580x420.jpg\" class=\"full-width wp-post-image\" alt=\"Apartment Harmonie\" title=\"Apartment Harmonie \u2013 Bastide de Bringairet\" \/><a href=\"https:\/\/bastide-de-bringairet.com\/en\/room\/apartment-harmonie\/\" title=\"Apartment Harmonie\" class=\"cmsmasters_open_link\"><\/a><\/figure><\/div><header class=\"cmsmasters_project_header entry-header\"><h3 class=\"cmsmasters_project_title entry-title\"><a href=\"https:\/\/bastide-de-bringairet.com\/en\/room\/apartment-harmonie\/\">Apartment Harmonie<\/a><\/h3><\/header><div class=\"cmsmasters_project_cont_info_wrapper\"><span class=\"cmsmasters_project_price\">from 1400.- EUR\/per week<\/span><\/div><span class=\"dn meta-date\">20170522100445<\/span>\t<\/div>\r\n<\/article>\r\n<!-- Finish Project Grid Article -->\r\n\r\n<!-- Start Project Grid Article -->\r\n<article id=\"post-17871\" class=\"cmsmasters_project_grid post-17871 project type-project status-publish format-standard has-post-thumbnail hentry pj-categs-parking pj-categs-pool-en pj-categs-tv-en pj-categs-washing-machine pj-categs-wifi\" data-category=\"parking pool-en tv-en washing-machine wifi\">\r\n\t<div class=\"project_outer\">\r\n\t<div class=\"project_img_wrap\"><figure class=\"cmsmasters_img_rollover_wrap preloader\"><img loading=\"lazy\" decoding=\"async\" width=\"580\" height=\"420\" src=\"https:\/\/bastide-de-bringairet.com\/wp-content\/uploads\/2017\/05\/Serenite-4-580x420.jpg\" class=\"full-width wp-post-image\" alt=\"Apartment S\u00e9r\u00e9nit\u00e9, Bastide de Bringairet, Armissan, Frankreich\" title=\"Apartment S\u00e9r\u00e9nit\u00e9, Bastide de Bringairet, Armissan, Frankreich\" \/><a href=\"https:\/\/bastide-de-bringairet.com\/en\/room\/apartment-serenite\/\" title=\"Apartment S\u00e9r\u00e9nit\u00e9\" class=\"cmsmasters_open_link\"><\/a><\/figure><\/div><header class=\"cmsmasters_project_header entry-header\"><h3 class=\"cmsmasters_project_title entry-title\"><a href=\"https:\/\/bastide-de-bringairet.com\/en\/room\/apartment-serenite\/\">Apartment S\u00e9r\u00e9nit\u00e9<\/a><\/h3><\/header><div class=\"cmsmasters_project_cont_info_wrapper\"><span class=\"cmsmasters_project_price\">from 1000.- EUR\/per week<\/span><\/div><span class=\"dn meta-date\">20170522101015<\/span>\t<\/div>\r\n<\/article>\r\n<!-- Finish Project Grid Article -->\r\n\r\n<\/div><\/div>\n<\/div><\/div>\n<\/div>\n<\/div>\n<\/div>\n<\/div>\n<\/div>\n<div id=\"cmsmasters_row_etps3j28\" class=\"cmsmasters_row cmsmasters_color_scheme_default cmsmasters_row_top_default cmsmasters_row_bot_default cmsmasters_row_boxed\">\n<div class=\"cmsmasters_row_outer_parent\">\n<div class=\"cmsmasters_row_overlay\"><\/div>\n<div class=\"cmsmasters_row_outer\">\n<div class=\"cmsmasters_row_inner\">\n<div class=\"cmsmasters_row_margin\">\n<div id=\"cmsmasters_column_4iwpv5oqzl\" class=\"cmsmasters_column one_first\">\n<div class=\"cmsmasters_column_inner\"><div id=\"cmsmasters_heading_zkhber0lf\" class=\"cmsmasters_heading_wrap cmsmasters_heading_align_left\">\n\t<h3 class=\"cmsmasters_heading\">Vacation home<\/h3>\n<\/div><div id=\"cmsmasters_heading_uws2nmvkkp\" class=\"cmsmasters_heading_wrap cmsmasters_heading_align_left\">\n\t<h2 class=\"cmsmasters_heading\">Book now<\/h2>\n<\/div><div id=\"cmsmasters_heading_34z09nze4\" class=\"cmsmasters_heading_wrap cmsmasters_heading_align_left\">\n\t<h3 class=\"cmsmasters_heading\"><a href=\"https:\/\/bastide-de-bringairet.com\/en\/booking-request\/\">To the booking request<\/a><\/h3>\n<\/div>\n<\/div><\/div>\n<\/div>\n<\/div>\n<\/div>\n<\/div>\n<\/div>\n\n","protected":false},"excerpt":{"rendered":"","protected":false},"author":1,"featured_media":17667,"parent":0,"menu_order":0,"comment_status":"closed","ping_status":"closed","template":"","meta":{"footnotes":""},"class_list":["post-17836","page","type-page","status-publish","has-post-thumbnail","hentry"],"yoast_head":"<!-- This site is optimized with the Yoast SEO plugin v24.7 - https:\/\/yoast.com\/wordpress\/plugins\/seo\/ -->\n<title>Our apartments \u2013 Bastide de Bringairet<\/title>\n<meta name=\"description\" content=\"Book now: one of our apartments on the estate Bastide de Bringairet in Armissan, Languedoc-Roussillon, Southern France.\" \/>\n<meta name=\"robots\" content=\"index, follow, max-snippet:-1, max-image-preview:large, max-video-preview:-1\" \/>\n<link rel=\"canonical\" href=\"https:\/\/bastide-de-bringairet.com\/en\/apartments\/\" \/>\n<meta property=\"og:locale\" content=\"en_US\" \/>\n<meta property=\"og:type\" content=\"article\" \/>\n<meta property=\"og:title\" content=\"Our apartments \u2013 Bastide de Bringairet\" \/>\n<meta property=\"og:description\" content=\"Book now: one of our apartments on the estate Bastide de Bringairet in Armissan, Languedoc-Roussillon, Southern France.\" \/>\n<meta property=\"og:url\" content=\"https:\/\/bastide-de-bringairet.com\/en\/apartments\/\" \/>\n<meta property=\"og:site_name\" content=\"Bastide de Bringairet\" \/>\n<meta property=\"article:modified_time\" content=\"2024-11-02T16:45:08+00:00\" \/>\n<meta property=\"og:image\" content=\"https:\/\/bastide-de-bringairet.com\/wp-content\/uploads\/2024\/10\/Bastide-de-Bringairet-Slider-2.jpg\" \/>\n\t<meta property=\"og:image:width\" content=\"1920\" \/>\n\t<meta property=\"og:image:height\" content=\"1080\" \/>\n\t<meta property=\"og:image:type\" content=\"image\/jpeg\" \/>\n<meta name=\"twitter:card\" content=\"summary_large_image\" \/>\n<meta name=\"twitter:label1\" content=\"Est. reading time\" \/>\n\t<meta name=\"twitter:data1\" content=\"1 minute\" \/>\n<script type=\"application\/ld+json\" class=\"yoast-schema-graph\">{\"@context\":\"https:\/\/schema.org\",\"@graph\":[{\"@type\":\"WebPage\",\"@id\":\"https:\/\/bastide-de-bringairet.com\/en\/apartments\/\",\"url\":\"https:\/\/bastide-de-bringairet.com\/en\/apartments\/\",\"name\":\"Our apartments \u2013 Bastide de Bringairet\",\"isPartOf\":{\"@id\":\"https:\/\/bastide-de-bringairet.com\/en\/#website\"},\"primaryImageOfPage\":{\"@id\":\"https:\/\/bastide-de-bringairet.com\/en\/apartments\/#primaryimage\"},\"image\":{\"@id\":\"https:\/\/bastide-de-bringairet.com\/en\/apartments\/#primaryimage\"},\"thumbnailUrl\":\"https:\/\/bastide-de-bringairet.com\/wp-content\/uploads\/2024\/10\/Bastide-de-Bringairet-Slider-2.jpg\",\"datePublished\":\"2015-12-02T09:17:13+00:00\",\"dateModified\":\"2024-11-02T16:45:08+00:00\",\"description\":\"Book now: one of our apartments on the estate Bastide de Bringairet in Armissan, Languedoc-Roussillon, Southern France.\",\"breadcrumb\":{\"@id\":\"https:\/\/bastide-de-bringairet.com\/en\/apartments\/#breadcrumb\"},\"inLanguage\":\"en-US\",\"potentialAction\":[{\"@type\":\"ReadAction\",\"target\":[\"https:\/\/bastide-de-bringairet.com\/en\/apartments\/\"]}]},{\"@type\":\"ImageObject\",\"inLanguage\":\"en-US\",\"@id\":\"https:\/\/bastide-de-bringairet.com\/en\/apartments\/#primaryimage\",\"url\":\"https:\/\/bastide-de-bringairet.com\/wp-content\/uploads\/2024\/10\/Bastide-de-Bringairet-Slider-2.jpg\",\"contentUrl\":\"https:\/\/bastide-de-bringairet.com\/wp-content\/uploads\/2024\/10\/Bastide-de-Bringairet-Slider-2.jpg\",\"width\":1920,\"height\":1080},{\"@type\":\"BreadcrumbList\",\"@id\":\"https:\/\/bastide-de-bringairet.com\/en\/apartments\/#breadcrumb\",\"itemListElement\":[{\"@type\":\"ListItem\",\"position\":1,\"name\":\"Home\",\"item\":\"https:\/\/bastide-de-bringairet.com\/en\/\"},{\"@type\":\"ListItem\",\"position\":2,\"name\":\"Our apartments\"}]},{\"@type\":\"WebSite\",\"@id\":\"https:\/\/bastide-de-bringairet.com\/en\/#website\",\"url\":\"https:\/\/bastide-de-bringairet.com\/en\/\",\"name\":\"Bastide de Bringairet\",\"description\":\"Rent an apartment in the South of France\",\"publisher\":{\"@id\":\"https:\/\/bastide-de-bringairet.com\/en\/#organization\"},\"alternateName\":\"Bastide de Bringairet\",\"potentialAction\":[{\"@type\":\"SearchAction\",\"target\":{\"@type\":\"EntryPoint\",\"urlTemplate\":\"https:\/\/bastide-de-bringairet.com\/en\/?s={search_term_string}\"},\"query-input\":{\"@type\":\"PropertyValueSpecification\",\"valueRequired\":true,\"valueName\":\"search_term_string\"}}],\"inLanguage\":\"en-US\"},{\"@type\":\"Organization\",\"@id\":\"https:\/\/bastide-de-bringairet.com\/en\/#organization\",\"name\":\"Bastide de Bringairet\",\"url\":\"https:\/\/bastide-de-bringairet.com\/en\/\",\"logo\":{\"@type\":\"ImageObject\",\"inLanguage\":\"en-US\",\"@id\":\"https:\/\/bastide-de-bringairet.com\/en\/#\/schema\/logo\/image\/\",\"url\":\"https:\/\/bastide-de-bringairet.com\/wp-content\/uploads\/2024\/10\/Logo-Bastide-klein.jpg\",\"contentUrl\":\"https:\/\/bastide-de-bringairet.com\/wp-content\/uploads\/2024\/10\/Logo-Bastide-klein.jpg\",\"width\":400,\"height\":140,\"caption\":\"Bastide de Bringairet\"},\"image\":{\"@id\":\"https:\/\/bastide-de-bringairet.com\/en\/#\/schema\/logo\/image\/\"}}]}<\/script>\n<!-- \/ Yoast SEO plugin. -->","yoast_head_json":{"title":"Our apartments \u2013 Bastide de Bringairet","description":"Book now: one of our apartments on the estate Bastide de Bringairet in Armissan, Languedoc-Roussillon, Southern France.","robots":{"index":"index","follow":"follow","max-snippet":"max-snippet:-1","max-image-preview":"max-image-preview:large","max-video-preview":"max-video-preview:-1"},"canonical":"https:\/\/bastide-de-bringairet.com\/en\/apartments\/","og_locale":"en_US","og_type":"article","og_title":"Our apartments \u2013 Bastide de Bringairet","og_description":"Book now: one of our apartments on the estate Bastide de Bringairet in Armissan, Languedoc-Roussillon, Southern France.","og_url":"https:\/\/bastide-de-bringairet.com\/en\/apartments\/","og_site_name":"Bastide de Bringairet","article_modified_time":"2024-11-02T16:45:08+00:00","og_image":[{"width":1920,"height":1080,"url":"https:\/\/bastide-de-bringairet.com\/wp-content\/uploads\/2024\/10\/Bastide-de-Bringairet-Slider-2.jpg","type":"image\/jpeg"}],"twitter_card":"summary_large_image","twitter_misc":{"Est. reading time":"1 minute"},"schema":{"@context":"https:\/\/schema.org","@graph":[{"@type":"WebPage","@id":"https:\/\/bastide-de-bringairet.com\/en\/apartments\/","url":"https:\/\/bastide-de-bringairet.com\/en\/apartments\/","name":"Our apartments \u2013 Bastide de Bringairet","isPartOf":{"@id":"https:\/\/bastide-de-bringairet.com\/en\/#website"},"primaryImageOfPage":{"@id":"https:\/\/bastide-de-bringairet.com\/en\/apartments\/#primaryimage"},"image":{"@id":"https:\/\/bastide-de-bringairet.com\/en\/apartments\/#primaryimage"},"thumbnailUrl":"https:\/\/bastide-de-bringairet.com\/wp-content\/uploads\/2024\/10\/Bastide-de-Bringairet-Slider-2.jpg","datePublished":"2015-12-02T09:17:13+00:00","dateModified":"2024-11-02T16:45:08+00:00","description":"Book now: one of our apartments on the estate Bastide de Bringairet in Armissan, Languedoc-Roussillon, Southern France.","breadcrumb":{"@id":"https:\/\/bastide-de-bringairet.com\/en\/apartments\/#breadcrumb"},"inLanguage":"en-US","potentialAction":[{"@type":"ReadAction","target":["https:\/\/bastide-de-bringairet.com\/en\/apartments\/"]}]},{"@type":"ImageObject","inLanguage":"en-US","@id":"https:\/\/bastide-de-bringairet.com\/en\/apartments\/#primaryimage","url":"https:\/\/bastide-de-bringairet.com\/wp-content\/uploads\/2024\/10\/Bastide-de-Bringairet-Slider-2.jpg","contentUrl":"https:\/\/bastide-de-bringairet.com\/wp-content\/uploads\/2024\/10\/Bastide-de-Bringairet-Slider-2.jpg","width":1920,"height":1080},{"@type":"BreadcrumbList","@id":"https:\/\/bastide-de-bringairet.com\/en\/apartments\/#breadcrumb","itemListElement":[{"@type":"ListItem","position":1,"name":"Home","item":"https:\/\/bastide-de-bringairet.com\/en\/"},{"@type":"ListItem","position":2,"name":"Our apartments"}]},{"@type":"WebSite","@id":"https:\/\/bastide-de-bringairet.com\/en\/#website","url":"https:\/\/bastide-de-bringairet.com\/en\/","name":"Bastide de Bringairet","description":"Rent an apartment in the South of France","publisher":{"@id":"https:\/\/bastide-de-bringairet.com\/en\/#organization"},"alternateName":"Bastide de Bringairet","potentialAction":[{"@type":"SearchAction","target":{"@type":"EntryPoint","urlTemplate":"https:\/\/bastide-de-bringairet.com\/en\/?s={search_term_string}"},"query-input":{"@type":"PropertyValueSpecification","valueRequired":true,"valueName":"search_term_string"}}],"inLanguage":"en-US"},{"@type":"Organization","@id":"https:\/\/bastide-de-bringairet.com\/en\/#organization","name":"Bastide de Bringairet","url":"https:\/\/bastide-de-bringairet.com\/en\/","logo":{"@type":"ImageObject","inLanguage":"en-US","@id":"https:\/\/bastide-de-bringairet.com\/en\/#\/schema\/logo\/image\/","url":"https:\/\/bastide-de-bringairet.com\/wp-content\/uploads\/2024\/10\/Logo-Bastide-klein.jpg","contentUrl":"https:\/\/bastide-de-bringairet.com\/wp-content\/uploads\/2024\/10\/Logo-Bastide-klein.jpg","width":400,"height":140,"caption":"Bastide de Bringairet"},"image":{"@id":"https:\/\/bastide-de-bringairet.com\/en\/#\/schema\/logo\/image\/"}}]}},"_links":{"self":[{"href":"https:\/\/bastide-de-bringairet.com\/en\/wp-json\/wp\/v2\/pages\/17836","targetHints":{"allow":["GET"]}}],"collection":[{"href":"https:\/\/bastide-de-bringairet.com\/en\/wp-json\/wp\/v2\/pages"}],"about":[{"href":"https:\/\/bastide-de-bringairet.com\/en\/wp-json\/wp\/v2\/types\/page"}],"author":[{"embeddable":true,"href":"https:\/\/bastide-de-bringairet.com\/en\/wp-json\/wp\/v2\/users\/1"}],"replies":[{"embeddable":true,"href":"https:\/\/bastide-de-bringairet.com\/en\/wp-json\/wp\/v2\/comments?post=17836"}],"version-history":[{"count":2,"href":"https:\/\/bastide-de-bringairet.com\/en\/wp-json\/wp\/v2\/pages\/17836\/revisions"}],"predecessor-version":[{"id":17846,"href":"https:\/\/bastide-de-bringairet.com\/en\/wp-json\/wp\/v2\/pages\/17836\/revisions\/17846"}],"wp:featuredmedia":[{"embeddable":true,"href":"https:\/\/bastide-de-bringairet.com\/en\/wp-json\/wp\/v2\/media\/17667"}],"wp:attachment":[{"href":"https:\/\/bastide-de-bringairet.com\/en\/wp-json\/wp\/v2\/media?parent=17836"}],"curies":[{"name":"wp","href":"https:\/\/api.w.org\/{rel}","templated":true}]}}